{"id":10550,"date":"2021-09-28T15:08:17","date_gmt":"2021-09-28T15:08:17","guid":{"rendered":"https:\/\/grgdev.dbwebdev.com\/?page_id=10550"},"modified":"2025-10-16T08:18:40","modified_gmt":"2025-10-16T15:18:40","slug":"politicas-del-balneario","status":"publish","type":"page","link":"https:\/\/playatgila.com\/es\/resort-policies\/","title":{"rendered":"Pol\u00edticas del complejo"},"content":{"rendered":"<p>[et_pb_section fb_built=&#8221;1&#8243; fullwidth=&#8221;on&#8221; _builder_version=&#8221;4.16&#8243; _module_preset=&#8221;default&#8221; global_colors_info=&#8221;{}&#8221;][et_pb_fullwidth_image src=&#8221;https:\/\/playatgila.com\/wp-content\/uploads\/2021\/09\/safety-top.jpg&#8221; alt=&#8221;safety top&#8221; src_last_edited=&#8221;off|desktop&#8221; disabled_on=&#8221;on|on|off&#8221; _builder_version=&#8221;4.16&#8243; _module_preset=&#8221;default&#8221; global_colors_info=&#8221;{}&#8221;][\/et_pb_fullwidth_image][et_pb_fullwidth_image src=&#8221;https:\/\/playatgila.com\/wp-content\/uploads\/2021\/09\/safety-mobile.jpg&#8221; alt=&#8221;safety mobile&#8221; src_last_edited=&#8221;off|desktop&#8221; disabled_on=&#8221;off|off|on&#8221; _builder_version=&#8221;4.16&#8243; _module_preset=&#8221;default&#8221; global_colors_info=&#8221;{}&#8221;][\/et_pb_fullwidth_image][\/et_pb_section][et_pb_section fb_built=&#8221;1&#8243; admin_label=&#8221;Mod 10 Second&#8221; module_class=&#8221;dbs-mod-10&#8243; _builder_version=&#8221;4.16&#8243; _module_preset=&#8221;default&#8221; global_colors_info=&#8221;{}&#8221;][et_pb_row make_equal=&#8221;on&#8221; custom_padding_last_edited=&#8221;on|tablet&#8221; module_class=&#8221;dbs-white-bg-black-attack&#8221; _builder_version=&#8221;4.16&#8243; _module_preset=&#8221;default&#8221; width_tablet=&#8221;92%&#8221; width_phone=&#8221;&#8221; width_last_edited=&#8221;on|tablet&#8221; module_alignment=&#8221;center&#8221; custom_margin=&#8221;-7%||0px||false|false&#8221; custom_margin_tablet=&#8221;-11%||||false|false&#8221; custom_margin_phone=&#8221;-16%||||false|false&#8221; custom_margin_last_edited=&#8221;on|phone&#8221; custom_padding=&#8221;30px|2%|0px|2%|false|false&#8221; custom_padding_tablet=&#8221;|5%||5%|false|true&#8221; custom_padding_phone=&#8221;&#8221; custom_css_main_element=&#8221;align-items:center;&#8221; global_colors_info=&#8221;{}&#8221;][et_pb_column type=&#8221;4_4&#8243; _builder_version=&#8221;4.16&#8243; _module_preset=&#8221;default&#8221; global_colors_info=&#8221;{}&#8221;][et_pb_text _builder_version=&#8221;4.16&#8243; _module_preset=&#8221;default&#8221; custom_margin=&#8221;0px||0px||false|false&#8221; custom_padding=&#8221;0px||0px||false|false&#8221; global_colors_info=&#8221;{}&#8221;]<\/p>\n<h1 class=\"dbs-mod-10-heading\">Resort Policies and Info<\/h1>\n<p>[\/et_pb_text][\/et_pb_column][\/et_pb_row][et_pb_row custom_padding_last_edited=&#8221;on|tablet&#8221; module_class=&#8221;dbs-white-bg-black-attack&#8221; _builder_version=&#8221;4.16&#8243; _module_preset=&#8221;default&#8221; width_tablet=&#8221;92%&#8221; width_phone=&#8221;&#8221; width_last_edited=&#8221;on|desktop&#8221; module_alignment=&#8221;center&#8221; custom_margin=&#8221;0px||0px||false|false&#8221; custom_padding=&#8221;0px|2%|5px|2%|false|false&#8221; custom_padding_tablet=&#8221;0px|5%|5px|5%|false|true&#8221; custom_padding_phone=&#8221;&#8221; global_colors_info=&#8221;{}&#8221;][et_pb_column type=&#8221;4_4&#8243; _builder_version=&#8221;4.16&#8243; _module_preset=&#8221;default&#8221; global_colors_info=&#8221;{}&#8221;][et_pb_text admin_label=&#8221;Double HR&#8221; _builder_version=&#8221;4.16&#8243; _module_preset=&#8221;default&#8221; custom_margin=&#8221;0px||||false|false&#8221; custom_padding=&#8221;0px||||false|false&#8221; global_colors_info=&#8221;{}&#8221;]<\/p>\n<hr class=\"dbs-double-hr-1\">\n<hr class=\"dbs-double-hr-2\">[\/et_pb_text][\/et_pb_column][\/et_pb_row][et_pb_row custom_padding_last_edited=&#8221;on|desktop&#8221; module_class=&#8221;dbs-event&#8221; _builder_version=&#8221;4.16&#8243; _module_preset=&#8221;default&#8221; width_tablet=&#8221;92%&#8221; width_phone=&#8221;&#8221; width_last_edited=&#8221;on|tablet&#8221; module_alignment=&#8221;center&#8221; custom_margin=&#8221;||0px||false|false&#8221; custom_padding=&#8221;|2%|0px|2%|false|false&#8221; custom_padding_tablet=&#8221;|5%||5%|false|true&#8221; custom_padding_phone=&#8221;&#8221; global_colors_info=&#8221;{}&#8221;][et_pb_column type=&#8221;4_4&#8243; _builder_version=&#8221;4.16&#8243; _module_preset=&#8221;default&#8221; global_colors_info=&#8221;{}&#8221;][et_pb_text _builder_version=&#8221;4.22.1&#8243; _module_preset=&#8221;default&#8221; custom_margin=&#8221;||30px||false|false&#8221; global_colors_info=&#8221;{}&#8221;]<\/p>\n<p class=\"dbs-body-copy\">We look forward to making your upcoming stay seamless and enjoyable. Here are a couple of details to assist with your planning.<\/p>\n<p class=\"dbs-body-copy\">For additional information, please contact reservations at 520.796.4900 and we will be happy to help!<\/p>\n<p>[\/et_pb_text][\/et_pb_column][\/et_pb_row][et_pb_row custom_padding_last_edited=&#8221;on|tablet&#8221; module_class=&#8221;dbs-event faq&#8221; _builder_version=&#8221;4.16&#8243; _module_preset=&#8221;default&#8221; width_tablet=&#8221;92%&#8221; width_phone=&#8221;&#8221; width_last_edited=&#8221;on|tablet&#8221; module_alignment=&#8221;center&#8221; custom_margin=&#8221;0px||||false|false&#8221; custom_padding=&#8221;|2%||2%|false|false&#8221; custom_padding_tablet=&#8221;0px|5%||5%|false|true&#8221; custom_padding_phone=&#8221;&#8221; global_colors_info=&#8221;{}&#8221;][et_pb_column type=&#8221;4_4&#8243; _builder_version=&#8221;4.16&#8243; _module_preset=&#8221;default&#8221; global_colors_info=&#8221;{}&#8221;][et_pb_toggle title=&#8221;Accessibility&#8221; admin_label=&#8221;Accessibility&#8221; _builder_version=&#8221;4.16&#8243; _module_preset=&#8221;default&#8221; custom_margin=&#8221;||10px||false|false&#8221; global_colors_info=&#8221;{}&#8221;]<\/p>\n<p class=\"dbs-body-copy\">Accessible rooms and suites that exceed all ADA requirements are available for guests with disabilities. Please notify reservations of your needs.<\/p>\n<p>[\/et_pb_toggle][et_pb_toggle title=&#8221;Cancellations&#8221; admin_label=&#8221;Cancellations&#8221; _builder_version=&#8221;4.16&#8243; _module_preset=&#8221;default&#8221; custom_margin=&#8221;||10px||false|false&#8221; global_colors_info=&#8221;{}&#8221;]<\/p>\n<p class=\"dbs-body-copy\">48 Hour Cancellation Policy. Failure to cancel before 48-hours of scheduled arrival will result in a charge of one night\u2019s room and tax. The 48-hour cancellation does NOT apply to special promotions or events with an otherwise stated policy. Any changes are subject to rate and stay restrictions. Cancellation policies may vary depending on the rate or dates of your reservation. Please refer to your reservation confirmation to verify your cancellation policy.<\/p>\n<p>[\/et_pb_toggle][et_pb_toggle title=&#8221;Check-In \/ Check-Out&#8221; admin_label=&#8221;Check-In \/ Check-Out&#8221; _builder_version=&#8221;4.16&#8243; _module_preset=&#8221;default&#8221; custom_margin=&#8221;||10px||false|false&#8221; global_colors_info=&#8221;{}&#8221;]<\/p>\n<p class=\"dbs-body-copy\">For your convenience, we offer 24-hour front desk service. Check-In Time is 4:00 PM | Check-Out Time is 11:00 AM. Must be 21 and over to reserve and check-in.<\/p>\n<p>[\/et_pb_toggle][et_pb_toggle title=&#8221;Concerts &#038; Entertainment&#8221; admin_label=&#8221;Concerts &#038; Entertainment&#8221; _builder_version=&#8221;4.16&#8243; _module_preset=&#8221;default&#8221; custom_margin=&#8221;||10px||false|false&#8221; global_colors_info=&#8221;{}&#8221;]<\/p>\n<p class=\"dbs-body-copy\">Unless otherwise noted, all guests must be 21+ to attend shows.<\/p>\n<p>[\/et_pb_toggle][et_pb_toggle title=&#8221;Debit \/ Credit Card Authorization&#8221; admin_label=&#8221;Debit \/ Credit Card Authorization&#8221; _builder_version=&#8221;4.16&#8243; _module_preset=&#8221;default&#8221; custom_margin=&#8221;||10px||false|false&#8221; global_colors_info=&#8221;{}&#8221;]<\/p>\n<p class=\"dbs-body-copy\">A credit card or debit card is required to check in to the resort. The credit card\/debit cardholder must match the name on the reservation. If the debit\/credit card you are using for check-in is associated with a bank or checking account, a hold will be placed on the account for the full anticipated amount to be owed to the resort, including estimated incidentals in the amount of $50\/night, through your date of check-out. Such funds will be released after departure and may take up to 7-10 business days to be returned to your account at the discretion of your financial institution. Please contact your financial institution for more information. Rooms without a valid credit card will be canceled at 8 pm on the arrival date. The credit card on file must pre-authorize for total room, tax and incidental hold of $50 per day.<\/p>\n<p>[\/et_pb_toggle][et_pb_toggle title=&#8221;Extra Child &#038; Crib Info&#8221; admin_label=&#8221;Extra Child &#038; Crib Info&#8221; _builder_version=&#8221;4.16&#8243; _module_preset=&#8221;default&#8221; custom_margin=&#8221;||10px||false|false&#8221; global_colors_info=&#8221;{}&#8221;]<\/p>\n<p class=\"dbs-body-copy\">No charge for children up to 17 years of age. Cribs are available at no charge.<\/p>\n<p>[\/et_pb_toggle][et_pb_toggle title=&#8221;Minibar Removal Policy&#8221; admin_label=&#8221;Minibar Removal Policy&#8221; _builder_version=&#8221;4.27.4&#8243; _module_preset=&#8221;default&#8221; custom_margin=&#8221;||10px||false|false&#8221; hover_enabled=&#8221;0&#8243; global_colors_info=&#8221;{}&#8221; sticky_enabled=&#8221;0&#8243;]<\/p>\n<p class=\"dbs-body-copy\"><span>A\u00a0<\/span><b>$25 service fee<\/b><span> will be charged for the removal of the minibar from the guest room upon request.<\/span><\/p>\n<p>[\/et_pb_toggle][et_pb_toggle title=&#8221;Family Policy&#8221; admin_label=&#8221;Family Policy&#8221; _builder_version=&#8221;4.16&#8243; _module_preset=&#8221;default&#8221; custom_margin=&#8221;||10px||false|false&#8221; global_colors_info=&#8221;{}&#8221;]<\/p>\n<p class=\"dbs-body-copy\">Individuals under the age of 18 must be accompanied by an adult or legal guardian. Must be 21 + years to reserve and check into rooms, to access the gaming floor, concerts and bars.<\/p>\n<p>[\/et_pb_toggle][et_pb_toggle title=&#8221;Fitness Center&#8221; admin_label=&#8221;Fitness Center&#8221; _builder_version=&#8221;4.16&#8243; _module_preset=&#8221;default&#8221; custom_margin=&#8221;||10px||false|false&#8221; global_colors_info=&#8221;{}&#8221;]<\/p>\n<p class=\"dbs-body-copy\">Open at Wild Horse Pass and Vee Quiva.<\/p>\n<p>[\/et_pb_toggle][et_pb_toggle title=&#8221;Gaming&#8221; admin_label=&#8221;Gaming&#8221; _builder_version=&#8221;4.16&#8243; _module_preset=&#8221;default&#8221; custom_margin=&#8221;||10px||false|false&#8221; global_colors_info=&#8221;{}&#8221;]<\/p>\n<p class=\"dbs-body-copy\">Must be 21+ yrs of age to gamble.<\/p>\n<p>[\/et_pb_toggle][et_pb_toggle title=&#8221;Late Checkout&#8221; admin_label=&#8221;Late Checkout&#8221; _builder_version=&#8221;4.16&#8243; _module_preset=&#8221;default&#8221; custom_margin=&#8221;||10px||false|false&#8221; global_colors_info=&#8221;{}&#8221;]<\/p>\n<p class=\"dbs-body-copy\">A late check-out may be available. Please speak with the Front Desk on your day of departure for more information. Late check-out fees may apply.<\/p>\n<p>[\/et_pb_toggle][et_pb_toggle title=&#8221;Parking&#8221; admin_label=&#8221;Parking&#8221; _builder_version=&#8221;4.22.1&#8243; _module_preset=&#8221;default&#8221; custom_margin=&#8221;||10px||false|false&#8221; global_colors_info=&#8221;{}&#8221;]<\/p>\n<p class=\"dbs-body-copy\">Valet and Self-Parking are available. Gratuity is accepted at guest&#8217;s discretion.<\/p>\n<p>[\/et_pb_toggle][et_pb_toggle title=&#8221;Payment&#8221; admin_label=&#8221;Payment&#8221; _builder_version=&#8221;4.16&#8243; _module_preset=&#8221;default&#8221; custom_margin=&#8221;||10px||false|false&#8221; global_colors_info=&#8221;{}&#8221;]<\/p>\n<p class=\"dbs-body-copy\">We accept the following Credit Cards &#8211; American Express, Mastercard, Visa, Diners\/Carte Blanche, Discover, JCB.<\/p>\n<p>[\/et_pb_toggle][et_pb_toggle title=&#8221;Pet Policy&#8221; admin_label=&#8221;Pet Policy&#8221; _builder_version=&#8221;4.16&#8243; _module_preset=&#8221;default&#8221; custom_margin=&#8221;||10px||false|false&#8221; global_colors_info=&#8221;{}&#8221;]<\/p>\n<p class=\"dbs-body-copy\">Pets are not allowed on check-in property; registered service animals are welcome. We comply with ADA Laws and Regulations. Therefore, emotional support animals are not recognized as service animals.<\/p>\n<p>[\/et_pb_toggle][et_pb_toggle title=&#8221;Room Tax&#8221; admin_label=&#8221;Room Tax&#8221; _builder_version=&#8221;4.16&#8243; _module_preset=&#8221;default&#8221; custom_margin=&#8221;||10px||false|false&#8221; global_colors_info=&#8221;{}&#8221;]<\/p>\n<p class=\"dbs-body-copy\">The Room Tax is 13%.<\/p>\n<p>[\/et_pb_toggle][et_pb_toggle title=&#8221;Smoking Policy&#8221; admin_label=&#8221;Smoking Policy&#8221; _builder_version=&#8221;4.16&#8243; _module_preset=&#8221;default&#8221; custom_margin=&#8221;||10px||false|false&#8221; global_colors_info=&#8221;{}&#8221;]<\/p>\n<p class=\"dbs-body-copy\">All guest rooms are non-smoking; smoking in designated areas only. Subject to fines up to $300 if the policy is disregarded.<\/p>\n<p>[\/et_pb_toggle][et_pb_toggle title=&#8221;WiFi&#8221; admin_label=&#8221;WiFi&#8221; _builder_version=&#8221;4.22.1&#8243; _module_preset=&#8221;default&#8221; custom_margin=&#8221;||10px||false|false&#8221; global_colors_info=&#8221;{}&#8221;]<\/p>\n<p class=\"dbs-body-copy\">Wireless high-speed internet access is available from your own laptop or device. This service is available from the guest room or any public areas within the resort lobby, meeting space, bars and restaurants.<\/p>\n<p>[\/et_pb_toggle][et_pb_toggle title=&#8221;Marijuana&#8221; admin_label=&#8221;Marijuana&#8221; _builder_version=&#8221;4.17.6&#8243; _module_preset=&#8221;default&#8221; custom_margin=&#8221;||10px||false|false&#8221; global_colors_info=&#8221;{}&#8221;]<\/p>\n<p>Gila River Resorts &amp; Casinos are located on Gila River Indian Community where marijuana is not legal.<\/p>\n<p>[\/et_pb_toggle][\/et_pb_column][\/et_pb_row][\/et_pb_section][et_pb_section fb_built=&#8221;1&#8243; disabled_on=&#8221;on|on|off&#8221; admin_label=&#8221;The Card&#8221; module_class=&#8221;dbs-the-card dbs-white-bg-grey-dark&#8221; _builder_version=&#8221;4.23&#8243; _module_preset=&#8221;default&#8221; background_image=&#8221;https:\/\/playatgila.com\/wp-content\/uploads\/card-10.png&#8221; parallax=&#8221;on&#8221; global_module=&#8221;3468&#8243; saved_tabs=&#8221;all&#8221; global_colors_info=&#8221;{}&#8221;][et_pb_row column_structure=&#8221;1_2,1_2&#8243; _builder_version=&#8221;4.16&#8243; _module_preset=&#8221;default&#8221; background_enable_image=&#8221;off&#8221; background_size=&#8221;contain&#8221; background_position=&#8221;top_center&#8221; z_index=&#8221;1&#8243; custom_padding=&#8221;20%||||false|false&#8221; global_colors_info=&#8221;{}&#8221;][et_pb_column type=&#8221;1_2&#8243; _builder_version=&#8221;4.16&#8243; _module_preset=&#8221;default&#8221; global_colors_info=&#8221;{}&#8221;][\/et_pb_column][et_pb_column type=&#8221;1_2&#8243; _builder_version=&#8221;4.16&#8243; _module_preset=&#8221;default&#8221; global_colors_info=&#8221;{}&#8221;][et_pb_text admin_label=&#8221;Title&#8221; _builder_version=&#8221;4.23&#8243; _module_preset=&#8221;default&#8221; custom_margin=&#8221;||10px||false|false&#8221; custom_padding=&#8221;||0px||false|false&#8221; global_colors_info=&#8221;{}&#8221;]<\/p>\n<h3 class=\"dbs-card-title\">NOT A MEMBER?<br \/>BECOME ONE TODAY.<\/h3>\n<p>[\/et_pb_text][et_pb_text _builder_version=&#8221;4.23&#8243; _module_preset=&#8221;default&#8221; custom_margin=&#8221;||10%||false|false&#8221; global_colors_info=&#8221;{}&#8221;]<\/p>\n<p class=\"dbs-body-copy\">Become a member and gain access to exclusive perks and privileges with THE Card<sup>\u00ae<\/sup>. Earn and use points across all four properties plus participating partners.<\/p>\n<p>[\/et_pb_text][et_pb_text admin_label=&#8221;button&#8221; _builder_version=&#8221;4.16&#8243; _module_preset=&#8221;default&#8221; global_colors_info=&#8221;{}&#8221;]<\/p>\n<p><a href=\"\/the-card\/\" class=\"dbs-button\">BECOME A MEMBER<\/a><\/p>\n<p>[\/et_pb_text][\/et_pb_column][\/et_pb_row][\/et_pb_section][et_pb_section fb_built=&#8221;1&#8243; disabled_on=&#8221;off|off|on&#8221; admin_label=&#8221;The Card Mobile&#8221; module_class=&#8221;dbs-white-bg-grey-dark&#8221; _builder_version=&#8221;4.10.8&#8243; _module_preset=&#8221;default&#8221; custom_margin=&#8221;0px||||false|false&#8221; custom_padding=&#8221;0px||||false|false&#8221; global_module=&#8221;7436&#8243; saved_tabs=&#8221;all&#8221; global_colors_info=&#8221;{}&#8221;][et_pb_row _builder_version=&#8221;4.16&#8243; _module_preset=&#8221;default&#8221; z_index=&#8221;1&#8243; global_colors_info=&#8221;{}&#8221;][et_pb_column type=&#8221;4_4&#8243; _builder_version=&#8221;4.16&#8243; _module_preset=&#8221;default&#8221; global_colors_info=&#8221;{}&#8221;][et_pb_image src=&#8221;https:\/\/playatgila.com\/wp-content\/uploads\/the-card-mobile-1.png&#8221; alt=&#8221;the-card-mobile&#8221; align=&#8221;center&#8221; _builder_version=&#8221;4.23&#8243; _module_preset=&#8221;default&#8221; custom_margin=&#8221;||0px||false|false&#8221; custom_padding=&#8221;||0px||false|false&#8221; global_colors_info=&#8221;{}&#8221;][\/et_pb_image][et_pb_text admin_label=&#8221;Title&#8221; _builder_version=&#8221;4.23&#8243; _module_preset=&#8221;default&#8221; header_3_text_align=&#8221;center&#8221; custom_margin=&#8221;||10px||false|false&#8221; custom_padding=&#8221;||0px||false|false&#8221; global_colors_info=&#8221;{}&#8221;]<\/p>\n<h3 class=\"dbs-card-title\">NOT A MEMBER? BECOME ONE TODAY.<\/h3>\n<p>[\/et_pb_text][et_pb_text _builder_version=&#8221;4.23&#8243; _module_preset=&#8221;default&#8221; text_orientation=&#8221;center&#8221; custom_margin=&#8221;||7%||false|false&#8221; global_colors_info=&#8221;{}&#8221;]<\/p>\n<p class=\"dbs-body-copy\">Become a member and gain access to exclusive perks and privileges with THE Card<sup>\u00ae<\/sup>. Earn and use points across all four properties plus participating partners.<\/p>\n<p>[\/et_pb_text][et_pb_text admin_label=&#8221;button&#8221; _builder_version=&#8221;4.16&#8243; _module_preset=&#8221;default&#8221; text_orientation=&#8221;center&#8221; global_colors_info=&#8221;{}&#8221;]<\/p>\n<p><a href=\"\/the-card\/\" class=\"dbs-button\">BECOME A MEMBER<\/a><\/p>\n<p>[\/et_pb_text][\/et_pb_column][\/et_pb_row][\/et_pb_section]<\/p>\n","protected":false},"excerpt":{"rendered":"<p>Resort Policies and Info We look forward to making your upcoming stay seamless and enjoyable. Here are a couple of details to assist with your planning. For additional information, please contact reservations at 520.796.4900 and we will be happy to help!Accessible rooms and suites that exceed all ADA requirements are available for guests with disabilities. [&hellip;]<\/p>\n","protected":false},"author":1,"featured_media":0,"parent":0,"menu_order":20,"comment_status":"closed","ping_status":"closed","template":"","meta":{"_acf_changed":false,"_et_pb_use_builder":"on","_et_pb_old_content":"","_et_gb_content_width":"","inline_featured_image":false,"footnotes":""},"class_list":["post-10550","page","type-page","status-publish","hentry"],"acf":[],"yoast_head":"<!-- This site is optimized with the Yoast SEO plugin v27.3 - https:\/\/yoast.com\/product\/yoast-seo-wordpress\/ -->\n<title>Resort Policies &#8226; Gila River Resorts &amp; Casinos<\/title>\n<meta name=\"description\" content=\"We look forward to making your upcoming stay seamless and enjoyable. Here are a couple of details to assist with your planning.\" \/>\n<meta name=\"robots\" content=\"index, follow, max-snippet:-1, max-image-preview:large, max-video-preview:-1\" \/>\n<link rel=\"canonical\" href=\"https:\/\/playatgila.com\/es\/politicas-del-balneario\/\" \/>\n<meta property=\"og:locale\" content=\"es_MX\" \/>\n<meta property=\"og:type\" content=\"article\" \/>\n<meta property=\"og:title\" content=\"Resort Policies &#8226; Gila River Resorts &amp; Casinos\" \/>\n<meta property=\"og:description\" content=\"We look forward to making your upcoming stay seamless and enjoyable. Here are a couple of details to assist with your planning.\" \/>\n<meta property=\"og:url\" content=\"https:\/\/playatgila.com\/es\/politicas-del-balneario\/\" \/>\n<meta property=\"og:site_name\" content=\"Gila River Resorts &amp; Casinos\" \/>\n<meta property=\"article:modified_time\" content=\"2025-10-16T15:18:40+00:00\" \/>\n<meta name=\"twitter:card\" content=\"summary_large_image\" \/>\n<script type=\"application\/ld+json\" class=\"yoast-schema-graph\">{\"@context\":\"https:\\\/\\\/schema.org\",\"@graph\":[{\"@type\":\"WebPage\",\"@id\":\"https:\\\/\\\/playatgila.com\\\/resort-policies\\\/\",\"url\":\"https:\\\/\\\/playatgila.com\\\/resort-policies\\\/\",\"name\":\"Resort Policies &#8226; Gila River Resorts &amp; Casinos\",\"isPartOf\":{\"@id\":\"https:\\\/\\\/playatgila.com\\\/#website\"},\"datePublished\":\"2021-09-28T15:08:17+00:00\",\"dateModified\":\"2025-10-16T15:18:40+00:00\",\"description\":\"We look forward to making your upcoming stay seamless and enjoyable. Here are a couple of details to assist with your planning.\",\"breadcrumb\":{\"@id\":\"https:\\\/\\\/playatgila.com\\\/resort-policies\\\/#breadcrumb\"},\"inLanguage\":\"es\",\"potentialAction\":[{\"@type\":\"ReadAction\",\"target\":[\"https:\\\/\\\/playatgila.com\\\/resort-policies\\\/\"]}]},{\"@type\":\"BreadcrumbList\",\"@id\":\"https:\\\/\\\/playatgila.com\\\/resort-policies\\\/#breadcrumb\",\"itemListElement\":[{\"@type\":\"ListItem\",\"position\":1,\"name\":\"Home\",\"item\":\"https:\\\/\\\/playatgila.com\\\/\"},{\"@type\":\"ListItem\",\"position\":2,\"name\":\"Resort Policies\"}]},{\"@type\":\"WebSite\",\"@id\":\"https:\\\/\\\/playatgila.com\\\/#website\",\"url\":\"https:\\\/\\\/playatgila.com\\\/\",\"name\":\"Gila River Resorts &amp; Casinos\",\"description\":\"You Do You.\",\"publisher\":{\"@id\":\"https:\\\/\\\/playatgila.com\\\/#organization\"},\"potentialAction\":[{\"@type\":\"SearchAction\",\"target\":{\"@type\":\"EntryPoint\",\"urlTemplate\":\"https:\\\/\\\/playatgila.com\\\/?s={search_term_string}\"},\"query-input\":{\"@type\":\"PropertyValueSpecification\",\"valueRequired\":true,\"valueName\":\"search_term_string\"}}],\"inLanguage\":\"es\"},{\"@type\":\"Organization\",\"@id\":\"https:\\\/\\\/playatgila.com\\\/#organization\",\"name\":\"Gila River Resorts & Casinos\",\"url\":\"https:\\\/\\\/playatgila.com\\\/\",\"logo\":{\"@type\":\"ImageObject\",\"inLanguage\":\"es\",\"@id\":\"https:\\\/\\\/playatgila.com\\\/#\\\/schema\\\/logo\\\/image\\\/\",\"url\":\"https:\\\/\\\/playatgila.com\\\/wp-content\\\/uploads\\\/GRRC-Logo-NoProperties-Black.svg\",\"contentUrl\":\"https:\\\/\\\/playatgila.com\\\/wp-content\\\/uploads\\\/GRRC-Logo-NoProperties-Black.svg\",\"width\":100,\"height\":100,\"caption\":\"Gila River Resorts & Casinos\"},\"image\":{\"@id\":\"https:\\\/\\\/playatgila.com\\\/#\\\/schema\\\/logo\\\/image\\\/\"}}]}<\/script>\n<!-- \/ Yoast SEO plugin. -->","yoast_head_json":{"title":"Pol\u00edticas del complejo - Gila River Resorts &amp; Casinos","description":"Esperamos que su pr\u00f3xima estancia sea agradable y sin contratiempos. Aqu\u00ed tiene un par de detalles que le ayudar\u00e1n a planificar su estancia.","robots":{"index":"index","follow":"follow","max-snippet":"max-snippet:-1","max-image-preview":"max-image-preview:large","max-video-preview":"max-video-preview:-1"},"canonical":"https:\/\/playatgila.com\/es\/politicas-del-balneario\/","og_locale":"es_MX","og_type":"article","og_title":"Resort Policies &#8226; Gila River Resorts &amp; Casinos","og_description":"We look forward to making your upcoming stay seamless and enjoyable. Here are a couple of details to assist with your planning.","og_url":"https:\/\/playatgila.com\/es\/politicas-del-balneario\/","og_site_name":"Gila River Resorts &amp; Casinos","article_modified_time":"2025-10-16T15:18:40+00:00","twitter_card":"summary_large_image","schema":{"@context":"https:\/\/schema.org","@graph":[{"@type":"WebPage","@id":"https:\/\/playatgila.com\/resort-policies\/","url":"https:\/\/playatgila.com\/resort-policies\/","name":"Pol\u00edticas del complejo - Gila River Resorts &amp; Casinos","isPartOf":{"@id":"https:\/\/playatgila.com\/#website"},"datePublished":"2021-09-28T15:08:17+00:00","dateModified":"2025-10-16T15:18:40+00:00","description":"Esperamos que su pr\u00f3xima estancia sea agradable y sin contratiempos. Aqu\u00ed tiene un par de detalles que le ayudar\u00e1n a planificar su estancia.","breadcrumb":{"@id":"https:\/\/playatgila.com\/resort-policies\/#breadcrumb"},"inLanguage":"es","potentialAction":[{"@type":"ReadAction","target":["https:\/\/playatgila.com\/resort-policies\/"]}]},{"@type":"BreadcrumbList","@id":"https:\/\/playatgila.com\/resort-policies\/#breadcrumb","itemListElement":[{"@type":"ListItem","position":1,"name":"Home","item":"https:\/\/playatgila.com\/"},{"@type":"ListItem","position":2,"name":"Resort Policies"}]},{"@type":"WebSite","@id":"https:\/\/playatgila.com\/#website","url":"https:\/\/playatgila.com\/","name":"Gila River Resorts &amp; Casinos","description":"Hazlo t\u00fa.","publisher":{"@id":"https:\/\/playatgila.com\/#organization"},"potentialAction":[{"@type":"SearchAction","target":{"@type":"EntryPoint","urlTemplate":"https:\/\/playatgila.com\/?s={search_term_string}"},"query-input":{"@type":"PropertyValueSpecification","valueRequired":true,"valueName":"search_term_string"}}],"inLanguage":"es"},{"@type":"Organization","@id":"https:\/\/playatgila.com\/#organization","name":"Gila River Resorts &amp; Casinos","url":"https:\/\/playatgila.com\/","logo":{"@type":"ImageObject","inLanguage":"es","@id":"https:\/\/playatgila.com\/#\/schema\/logo\/image\/","url":"https:\/\/playatgila.com\/wp-content\/uploads\/GRRC-Logo-NoProperties-Black.svg","contentUrl":"https:\/\/playatgila.com\/wp-content\/uploads\/GRRC-Logo-NoProperties-Black.svg","width":100,"height":100,"caption":"Gila River Resorts & Casinos"},"image":{"@id":"https:\/\/playatgila.com\/#\/schema\/logo\/image\/"}}]}},"publishpress_future_workflow_manual_trigger":{"enabledWorkflows":[]},"_links":{"self":[{"href":"https:\/\/playatgila.com\/es\/wp-json\/wp\/v2\/pages\/10550","targetHints":{"allow":["GET"]}}],"collection":[{"href":"https:\/\/playatgila.com\/es\/wp-json\/wp\/v2\/pages"}],"about":[{"href":"https:\/\/playatgila.com\/es\/wp-json\/wp\/v2\/types\/page"}],"author":[{"embeddable":true,"href":"https:\/\/playatgila.com\/es\/wp-json\/wp\/v2\/users\/1"}],"replies":[{"embeddable":true,"href":"https:\/\/playatgila.com\/es\/wp-json\/wp\/v2\/comments?post=10550"}],"version-history":[{"count":1,"href":"https:\/\/playatgila.com\/es\/wp-json\/wp\/v2\/pages\/10550\/revisions"}],"predecessor-version":[{"id":39465,"href":"https:\/\/playatgila.com\/es\/wp-json\/wp\/v2\/pages\/10550\/revisions\/39465"}],"wp:attachment":[{"href":"https:\/\/playatgila.com\/es\/wp-json\/wp\/v2\/media?parent=10550"}],"curies":[{"name":"wp","href":"https:\/\/api.w.org\/{rel}","templated":true}]}}