{"id":10573,"date":"2021-09-28T15:18:35","date_gmt":"2021-09-28T15:18:35","guid":{"rendered":"https:\/\/grgdev.dbwebdev.com\/?page_id=10573"},"modified":"2022-02-11T21:42:39","modified_gmt":"2022-02-11T21:42:39","slug":"faq","status":"publish","type":"page","link":"https:\/\/playatgila.com\/es\/faq\/","title":{"rendered":"PREGUNTAS FRECUENTES"},"content":{"rendered":"\n[et_pb_section fb_built=&#8221;1&#8243; fullwidth=&#8221;on&#8221; _builder_version=&#8221;4.9.4&#8243; _module_preset=&#8221;default&#8221; global_colors_info=&#8221;{}&#8221;][et_pb_fullwidth_image src=&#8221;https:\/\/playatgila.com\/wp-content\/uploads\/2021\/09\/safety-top.jpg&#8221; alt=&#8221;safety top&#8221; src_last_edited=&#8221;off|desktop&#8221; disabled_on=&#8221;on|on|off&#8221; _builder_version=&#8221;4.10.8&#8243; _module_preset=&#8221;default&#8221; global_colors_info=&#8221;{}&#8221;][\/et_pb_fullwidth_image][et_pb_fullwidth_image src=&#8221;https:\/\/playatgila.com\/wp-content\/uploads\/2021\/09\/safety-mobile.jpg&#8221; alt=&#8221;safety mobile&#8221; src_last_edited=&#8221;off|desktop&#8221; disabled_on=&#8221;off|off|on&#8221; _builder_version=&#8221;4.10.8&#8243; _module_preset=&#8221;default&#8221; global_colors_info=&#8221;{}&#8221;][\/et_pb_fullwidth_image][\/et_pb_section][et_pb_section fb_built=&#8221;1&#8243; admin_label=&#8221;Mod 10 Second&#8221; module_class=&#8221;dbs-mod-10&#8243; _builder_version=&#8221;4.10.8&#8243; _module_preset=&#8221;default&#8221; global_colors_info=&#8221;{}&#8221;][et_pb_row make_equal=&#8221;on&#8221; custom_padding_last_edited=&#8221;on|tablet&#8221; module_class=&#8221;dbs-white-bg-black-attack&#8221; _builder_version=&#8221;4.10.8&#8243; _module_preset=&#8221;default&#8221; width_tablet=&#8221;92%&#8221; width_phone=&#8221;&#8221; width_last_edited=&#8221;on|tablet&#8221; module_alignment=&#8221;center&#8221; custom_margin=&#8221;-7%||0px||false|false&#8221; custom_margin_tablet=&#8221;-11%||||false|false&#8221; custom_margin_phone=&#8221;-16%||||false|false&#8221; custom_margin_last_edited=&#8221;on|phone&#8221; custom_padding=&#8221;30px|2%|0px|2%|false|false&#8221; custom_padding_tablet=&#8221;|5%||5%|false|true&#8221; custom_padding_phone=&#8221;&#8221; custom_css_main_element=&#8221;align-items:center;&#8221; global_colors_info=&#8221;{}&#8221;][et_pb_column type=&#8221;4_4&#8243; _builder_version=&#8221;4.9.4&#8243; _module_preset=&#8221;default&#8221; global_colors_info=&#8221;{}&#8221;][et_pb_text _builder_version=&#8221;4.10.8&#8243; _module_preset=&#8221;default&#8221; custom_margin=&#8221;0px||0px||false|false&#8221; custom_padding=&#8221;0px||0px||false|false&#8221; hover_enabled=&#8221;0&#8243; global_colors_info=&#8221;{}&#8221; sticky_enabled=&#8221;0&#8243;]<h1 class=\"dbs-mod-10-heading\">FAQ<\/h1>[\/et_pb_text][\/et_pb_column][\/et_pb_row][et_pb_row custom_padding_last_edited=&#8221;on|tablet&#8221; module_class=&#8221;dbs-white-bg-black-attack&#8221; _builder_version=&#8221;4.10.8&#8243; _module_preset=&#8221;default&#8221; width_tablet=&#8221;92%&#8221; width_phone=&#8221;&#8221; width_last_edited=&#8221;on|desktop&#8221; module_alignment=&#8221;center&#8221; custom_margin=&#8221;0px||0px||false|false&#8221; custom_padding=&#8221;0px|2%|5px|2%|false|false&#8221; custom_padding_tablet=&#8221;0px|5%|5px|5%|false|true&#8221; custom_padding_phone=&#8221;&#8221; global_colors_info=&#8221;{}&#8221;][et_pb_column type=&#8221;4_4&#8243; _builder_version=&#8221;4.9.4&#8243; _module_preset=&#8221;default&#8221; global_colors_info=&#8221;{}&#8221;][et_pb_text admin_label=&#8221;Double HR&#8221; _builder_version=&#8221;4.9.7&#8243; _module_preset=&#8221;default&#8221; custom_margin=&#8221;0px||||false|false&#8221; custom_padding=&#8221;0px||||false|false&#8221; global_colors_info=&#8221;{}&#8221;]<hr class=\"dbs-double-hr-1\">\n<hr class=\"dbs-double-hr-2\">[\/et_pb_text][\/et_pb_column][\/et_pb_row][et_pb_row custom_padding_last_edited=&#8221;on|tablet&#8221; module_class=&#8221;dbs-event&#8221; _builder_version=&#8221;4.10.8&#8243; _module_preset=&#8221;default&#8221; width_tablet=&#8221;92%&#8221; width_phone=&#8221;&#8221; width_last_edited=&#8221;on|tablet&#8221; module_alignment=&#8221;center&#8221; custom_padding=&#8221;|2%||2%|false|false&#8221; custom_padding_tablet=&#8221;|5%|0px|5%|false|true&#8221; custom_padding_phone=&#8221;&#8221; hover_enabled=&#8221;0&#8243; global_colors_info=&#8221;{}&#8221; custom_margin=&#8221;||0px||false|false&#8221; sticky_enabled=&#8221;0&#8243;][et_pb_column type=&#8221;4_4&#8243; _builder_version=&#8221;4.9.7&#8243; _module_preset=&#8221;default&#8221; global_colors_info=&#8221;{}&#8221;][et_pb_text _builder_version=&#8221;4.10.8&#8243; _module_preset=&#8221;default&#8221; custom_margin=&#8221;||30px||false|false&#8221; hover_enabled=&#8221;0&#8243; global_colors_info=&#8221;{}&#8221; sticky_enabled=&#8221;0&#8243;]<h2 class=\"dbs-safety-title\">The Gila Way<\/h2>\n<p class=\"dbs-body-copy\">Our friendly team members are expected to G=Greet, I=Interact, L=Listen, and A=Appreciate every guest, every day. So in short, we\u2019re really in the guest service business (that just happens to have exciting gaming, delicious dining options, and a comfy hotel at Wild Horse Pass, and Vee Quiva too).<\/p>[\/et_pb_text][\/et_pb_column][\/et_pb_row][et_pb_row custom_padding_last_edited=&#8221;on|tablet&#8221; module_class=&#8221;dbs-event faq&#8221; _builder_version=&#8221;4.10.8&#8243; _module_preset=&#8221;default&#8221; width_tablet=&#8221;92%&#8221; width_phone=&#8221;&#8221; width_last_edited=&#8221;on|tablet&#8221; module_alignment=&#8221;center&#8221; custom_padding=&#8221;|2%||2%|false|false&#8221; custom_padding_tablet=&#8221;0px|5%||5%|false|true&#8221; custom_padding_phone=&#8221;&#8221; hover_enabled=&#8221;0&#8243; global_colors_info=&#8221;{}&#8221; sticky_enabled=&#8221;0&#8243; custom_margin=&#8221;0px||||false|false&#8221;][et_pb_column type=&#8221;4_4&#8243; _builder_version=&#8221;4.9.7&#8243; _module_preset=&#8221;default&#8221; global_colors_info=&#8221;{}&#8221;][et_pb_toggle _builder_version=&#8221;4.10.8&#8243; _module_preset=&#8221;default&#8221; title=&#8221;How old do you have to be to gamble?&#8221; hover_enabled=&#8221;0&#8243; sticky_enabled=&#8221;0&#8243; admin_label=&#8221;How old do you have to be to gamble?&#8221; custom_margin=&#8221;||10px||false|false&#8221; custom_padding=&#8221;||||false|false&#8221;]<p class=\"dbs-body-copy\">The minimum age to gamble in the State of Arizona is 21 years old.<\/p>[\/et_pb_toggle][et_pb_toggle _builder_version=&#8221;4.10.8&#8243; _module_preset=&#8221;default&#8221; title=&#8221;Is signing up for THE Card free?&#8221; hover_enabled=&#8221;0&#8243; sticky_enabled=&#8221;0&#8243; admin_label=&#8221;Is signing up for THE Card free?&#8221; custom_margin=&#8221;||10px||false|false&#8221;]<p class=\"dbs-body-copy\">Yes, signing up to be a member of THE Card is FREE and provides so many exclusive benefits! The Gila River Casinos Players Club features four tiers \u2014 Emerald, Ruby, Gold, and Platinum\u2014that offer great perks and benefits based on your play. The more points you earn, the higher your status will be. The higher the status, the more benefits, and perks you\u2019ll receive including complimentary food and event tickets, discounts and priority\/VIP lines.<\/p>[\/et_pb_toggle][et_pb_toggle _builder_version=&#8221;4.10.8&#8243; _module_preset=&#8221;default&#8221; title=&#8221;Why is it being requested to check my bag?&#8221; hover_enabled=&#8221;0&#8243; sticky_enabled=&#8221;0&#8243; admin_label=&#8221;Why is it being requested to check my bag?&#8221;]<p class=\"dbs-body-copy\">For the comfort and safety of all of our guests, Gila River Casinos reserves the right to randomly inspect backpacks and bags of any size. We appreciate your cooperation in providing a safe experience for all of our guests.<\/p>[\/et_pb_toggle][\/et_pb_column][\/et_pb_row][\/et_pb_section][et_pb_section fb_built=&#8221;1&#8243; disabled_on=&#8221;on|on|off&#8221; admin_label=&#8221;The Card&#8221; module_class=&#8221;dbs-the-card dbs-white-bg-grey-dark&#8221; _builder_version=&#8221;4.10.8&#8243; _module_preset=&#8221;default&#8221; background_image=&#8221;https:\/\/playatgila.com\/wp-content\/uploads\/2021\/03\/card-7.png&#8221; parallax=&#8221;on&#8221; saved_tabs=&#8221;all&#8221; global_colors_info=&#8221;{}&#8221; global_module=&#8221;3468&#8243;][et_pb_row column_structure=&#8221;1_2,1_2&#8243; _builder_version=&#8221;4.10.7&#8243; _module_preset=&#8221;default&#8221; background_enable_image=&#8221;off&#8221; background_size=&#8221;contain&#8221; background_position=&#8221;top_center&#8221; z_index=&#8221;1&#8243; custom_padding=&#8221;20%||||false|false&#8221; global_colors_info=&#8221;{}&#8221;][et_pb_column type=&#8221;1_2&#8243; _builder_version=&#8221;4.9.2&#8243; _module_preset=&#8221;default&#8221; global_colors_info=&#8221;{}&#8221;][\/et_pb_column][et_pb_column type=&#8221;1_2&#8243; _builder_version=&#8221;4.9.2&#8243; _module_preset=&#8221;default&#8221; global_colors_info=&#8221;{}&#8221;][et_pb_text admin_label=&#8221;Title&#8221; _builder_version=&#8221;4.10.5&#8243; _module_preset=&#8221;default&#8221; custom_margin=&#8221;||10px||false|false&#8221; custom_padding=&#8221;||0px||false|false&#8221; global_colors_info=&#8221;{}&#8221;]<h3 class=\"dbs-card-title\">Put the power in your hands.<\/h3>[\/et_pb_text][et_pb_text _builder_version=&#8221;4.10.5&#8243; _module_preset=&#8221;default&#8221; custom_margin=&#8221;||10%||false|false&#8221; global_colors_info=&#8221;{}&#8221;]<p class=\"dbs-body-copy\">Become a member and gain access to exclusive perks and privileges with THE Card<sup>\u00ae<\/sup>. Earn and use points across all three properties plus participating partners.<\/p>[\/et_pb_text][et_pb_text admin_label=&#8221;button&#8221; _builder_version=&#8221;4.10.5&#8243; _module_preset=&#8221;default&#8221; global_colors_info=&#8221;{}&#8221;]<p><a href=\"\/the-card\/\" class=\"dbs-button\">BECOME A MEMBER<\/a><\/p>[\/et_pb_text][\/et_pb_column][\/et_pb_row][\/et_pb_section][et_pb_section fb_built=&#8221;1&#8243; disabled_on=&#8221;off|off|on&#8221; admin_label=&#8221;The Card Mobile&#8221; module_class=&#8221;dbs-white-bg-grey-dark&#8221; _builder_version=&#8221;4.10.8&#8243; _module_preset=&#8221;default&#8221; custom_margin=&#8221;0px||||false|false&#8221; custom_padding=&#8221;0px||||false|false&#8221; saved_tabs=&#8221;all&#8221; global_colors_info=&#8221;{}&#8221; global_module=&#8221;7436&#8243;][et_pb_row _builder_version=&#8221;4.10.7&#8243; _module_preset=&#8221;default&#8221; z_index=&#8221;1&#8243; global_colors_info=&#8221;{}&#8221;][et_pb_column type=&#8221;4_4&#8243; _builder_version=&#8221;4.10.5&#8243; _module_preset=&#8221;default&#8221; global_colors_info=&#8221;{}&#8221;][et_pb_image src=&#8221;https:\/\/playatgila.com\/wp-content\/uploads\/2021\/08\/the-card-mobile.png&#8221; alt=&#8221;the card mobile&#8221; align=&#8221;center&#8221; _builder_version=&#8221;4.10.8&#8243; _module_preset=&#8221;default&#8221; custom_margin=&#8221;||0px||false|false&#8221; custom_padding=&#8221;||0px||false|false&#8221; global_colors_info=&#8221;{}&#8221;][\/et_pb_image][et_pb_text admin_label=&#8221;Title&#8221; _builder_version=&#8221;4.10.5&#8243; _module_preset=&#8221;default&#8221; header_3_text_align=&#8221;center&#8221; custom_margin=&#8221;||10px||false|false&#8221; custom_padding=&#8221;||0px||false|false&#8221; global_colors_info=&#8221;{}&#8221;]<h3 class=\"dbs-card-title\">Put the power in your hands.<\/h3>[\/et_pb_text][et_pb_text _builder_version=&#8221;4.10.8&#8243; _module_preset=&#8221;default&#8221; text_orientation=&#8221;center&#8221; custom_margin=&#8221;||7%||false|false&#8221; global_colors_info=&#8221;{}&#8221;]<p class=\"dbs-body-copy\">Become a member and gain access to exclusive perks and privileges with THE Card<sup>\u00ae<\/sup>. Earn and use points across all three properties plus participating partners.<\/p>[\/et_pb_text][et_pb_text admin_label=&#8221;button&#8221; _builder_version=&#8221;4.10.5&#8243; _module_preset=&#8221;default&#8221; text_orientation=&#8221;center&#8221; global_colors_info=&#8221;{}&#8221;]<p><a href=\"\/the-card\/\" class=\"dbs-button\">BECOME A MEMBER<\/a><\/p>[\/et_pb_text][\/et_pb_column][\/et_pb_row][\/et_pb_section]\n","protected":false},"excerpt":{"rendered":"<p>FAQ The Gila Way Our friendly team members are expected to G=Greet, I=Interact, L=Listen, and A=Appreciate every guest, every day. So in short, we\u2019re really in the guest service business (that just happens to have exciting gaming, delicious dining options, and a comfy hotel at Wild Horse Pass, and Vee Quiva too).The minimum age to [&hellip;]<\/p>\n","protected":false},"author":1,"featured_media":0,"parent":0,"menu_order":20,"comment_status":"closed","ping_status":"closed","template":"","meta":{"_acf_changed":false,"_et_pb_use_builder":"on","_et_pb_old_content":"","_et_gb_content_width":"","inline_featured_image":false,"footnotes":""},"class_list":["post-10573","page","type-page","status-publish","hentry"],"acf":[],"yoast_head":"<!-- This site is optimized with the Yoast SEO plugin v27.3 - https:\/\/yoast.com\/product\/yoast-seo-wordpress\/ -->\n<title>FAQ &#8226; Gila River Resorts &amp; Casinos<\/title>\n<meta name=\"description\" content=\"Our friendly team members are expected to G=Greet, I=Interact, L=Listen, and A=Appreciate every guest, every day.\" \/>\n<meta name=\"robots\" content=\"index, follow, max-snippet:-1, max-image-preview:large, max-video-preview:-1\" \/>\n<link rel=\"canonical\" href=\"https:\/\/playatgila.com\/es\/faq\/\" \/>\n<meta property=\"og:locale\" content=\"es_MX\" \/>\n<meta property=\"og:type\" content=\"article\" \/>\n<meta property=\"og:title\" content=\"FAQ &#8226; Gila River Resorts &amp; Casinos\" \/>\n<meta property=\"og:description\" content=\"Our friendly team members are expected to G=Greet, I=Interact, L=Listen, and A=Appreciate every guest, every day.\" \/>\n<meta property=\"og:url\" content=\"https:\/\/playatgila.com\/es\/faq\/\" \/>\n<meta property=\"og:site_name\" content=\"Gila River Resorts &amp; Casinos\" \/>\n<meta property=\"article:modified_time\" content=\"2022-02-11T21:42:39+00:00\" \/>\n<meta name=\"twitter:card\" content=\"summary_large_image\" \/>\n<meta name=\"twitter:label1\" content=\"Tiempo de lectura\" \/>\n\t<meta name=\"twitter:data1\" content=\"3 minutos\" \/>\n<script type=\"application\/ld+json\" class=\"yoast-schema-graph\">{\"@context\":\"https:\\\/\\\/schema.org\",\"@graph\":[{\"@type\":\"WebPage\",\"@id\":\"https:\\\/\\\/playatgila.com\\\/faq\\\/\",\"url\":\"https:\\\/\\\/playatgila.com\\\/faq\\\/\",\"name\":\"FAQ &#8226; Gila River Resorts &amp; Casinos\",\"isPartOf\":{\"@id\":\"https:\\\/\\\/playatgila.com\\\/#website\"},\"datePublished\":\"2021-09-28T15:18:35+00:00\",\"dateModified\":\"2022-02-11T21:42:39+00:00\",\"description\":\"Our friendly team members are expected to G=Greet, I=Interact, L=Listen, and A=Appreciate every guest, every day.\",\"breadcrumb\":{\"@id\":\"https:\\\/\\\/playatgila.com\\\/faq\\\/#breadcrumb\"},\"inLanguage\":\"es\",\"potentialAction\":[{\"@type\":\"ReadAction\",\"target\":[\"https:\\\/\\\/playatgila.com\\\/faq\\\/\"]}]},{\"@type\":\"BreadcrumbList\",\"@id\":\"https:\\\/\\\/playatgila.com\\\/faq\\\/#breadcrumb\",\"itemListElement\":[{\"@type\":\"ListItem\",\"position\":1,\"name\":\"Home\",\"item\":\"https:\\\/\\\/playatgila.com\\\/\"},{\"@type\":\"ListItem\",\"position\":2,\"name\":\"FAQ\"}]},{\"@type\":\"WebSite\",\"@id\":\"https:\\\/\\\/playatgila.com\\\/#website\",\"url\":\"https:\\\/\\\/playatgila.com\\\/\",\"name\":\"Gila River Resorts &amp; Casinos\",\"description\":\"You Do You.\",\"publisher\":{\"@id\":\"https:\\\/\\\/playatgila.com\\\/#organization\"},\"potentialAction\":[{\"@type\":\"SearchAction\",\"target\":{\"@type\":\"EntryPoint\",\"urlTemplate\":\"https:\\\/\\\/playatgila.com\\\/?s={search_term_string}\"},\"query-input\":{\"@type\":\"PropertyValueSpecification\",\"valueRequired\":true,\"valueName\":\"search_term_string\"}}],\"inLanguage\":\"es\"},{\"@type\":\"Organization\",\"@id\":\"https:\\\/\\\/playatgila.com\\\/#organization\",\"name\":\"Gila River Resorts & Casinos\",\"url\":\"https:\\\/\\\/playatgila.com\\\/\",\"logo\":{\"@type\":\"ImageObject\",\"inLanguage\":\"es\",\"@id\":\"https:\\\/\\\/playatgila.com\\\/#\\\/schema\\\/logo\\\/image\\\/\",\"url\":\"https:\\\/\\\/playatgila.com\\\/wp-content\\\/uploads\\\/GRRC-Logo-NoProperties-Black.svg\",\"contentUrl\":\"https:\\\/\\\/playatgila.com\\\/wp-content\\\/uploads\\\/GRRC-Logo-NoProperties-Black.svg\",\"width\":100,\"height\":100,\"caption\":\"Gila River Resorts & Casinos\"},\"image\":{\"@id\":\"https:\\\/\\\/playatgila.com\\\/#\\\/schema\\\/logo\\\/image\\\/\"}}]}<\/script>\n<!-- \/ Yoast SEO plugin. -->","yoast_head_json":{"title":"PREGUNTAS FRECUENTES - Gila River Resorts &amp; Casinos","description":"Se espera de nuestros amables miembros del equipo que G=Saluden, I=Interact\u00faan, L=Escuchan y A=Aprecian a todos los hu\u00e9spedes, todos los d\u00edas.","robots":{"index":"index","follow":"follow","max-snippet":"max-snippet:-1","max-image-preview":"max-image-preview:large","max-video-preview":"max-video-preview:-1"},"canonical":"https:\/\/playatgila.com\/es\/faq\/","og_locale":"es_MX","og_type":"article","og_title":"FAQ &#8226; Gila River Resorts &amp; Casinos","og_description":"Our friendly team members are expected to G=Greet, I=Interact, L=Listen, and A=Appreciate every guest, every day.","og_url":"https:\/\/playatgila.com\/es\/faq\/","og_site_name":"Gila River Resorts &amp; Casinos","article_modified_time":"2022-02-11T21:42:39+00:00","twitter_card":"summary_large_image","twitter_misc":{"Tiempo de lectura":"3 minutos"},"schema":{"@context":"https:\/\/schema.org","@graph":[{"@type":"WebPage","@id":"https:\/\/playatgila.com\/faq\/","url":"https:\/\/playatgila.com\/faq\/","name":"PREGUNTAS FRECUENTES - Gila River Resorts &amp; Casinos","isPartOf":{"@id":"https:\/\/playatgila.com\/#website"},"datePublished":"2021-09-28T15:18:35+00:00","dateModified":"2022-02-11T21:42:39+00:00","description":"Se espera de nuestros amables miembros del equipo que G=Saluden, I=Interact\u00faan, L=Escuchan y A=Aprecian a todos los hu\u00e9spedes, todos los d\u00edas.","breadcrumb":{"@id":"https:\/\/playatgila.com\/faq\/#breadcrumb"},"inLanguage":"es","potentialAction":[{"@type":"ReadAction","target":["https:\/\/playatgila.com\/faq\/"]}]},{"@type":"BreadcrumbList","@id":"https:\/\/playatgila.com\/faq\/#breadcrumb","itemListElement":[{"@type":"ListItem","position":1,"name":"Home","item":"https:\/\/playatgila.com\/"},{"@type":"ListItem","position":2,"name":"FAQ"}]},{"@type":"WebSite","@id":"https:\/\/playatgila.com\/#website","url":"https:\/\/playatgila.com\/","name":"Gila River Resorts &amp; Casinos","description":"Hazlo t\u00fa.","publisher":{"@id":"https:\/\/playatgila.com\/#organization"},"potentialAction":[{"@type":"SearchAction","target":{"@type":"EntryPoint","urlTemplate":"https:\/\/playatgila.com\/?s={search_term_string}"},"query-input":{"@type":"PropertyValueSpecification","valueRequired":true,"valueName":"search_term_string"}}],"inLanguage":"es"},{"@type":"Organization","@id":"https:\/\/playatgila.com\/#organization","name":"Gila River Resorts &amp; Casinos","url":"https:\/\/playatgila.com\/","logo":{"@type":"ImageObject","inLanguage":"es","@id":"https:\/\/playatgila.com\/#\/schema\/logo\/image\/","url":"https:\/\/playatgila.com\/wp-content\/uploads\/GRRC-Logo-NoProperties-Black.svg","contentUrl":"https:\/\/playatgila.com\/wp-content\/uploads\/GRRC-Logo-NoProperties-Black.svg","width":100,"height":100,"caption":"Gila River Resorts & Casinos"},"image":{"@id":"https:\/\/playatgila.com\/#\/schema\/logo\/image\/"}}]}},"publishpress_future_workflow_manual_trigger":{"enabledWorkflows":[]},"_links":{"self":[{"href":"https:\/\/playatgila.com\/es\/wp-json\/wp\/v2\/pages\/10573","targetHints":{"allow":["GET"]}}],"collection":[{"href":"https:\/\/playatgila.com\/es\/wp-json\/wp\/v2\/pages"}],"about":[{"href":"https:\/\/playatgila.com\/es\/wp-json\/wp\/v2\/types\/page"}],"author":[{"embeddable":true,"href":"https:\/\/playatgila.com\/es\/wp-json\/wp\/v2\/users\/1"}],"replies":[{"embeddable":true,"href":"https:\/\/playatgila.com\/es\/wp-json\/wp\/v2\/comments?post=10573"}],"version-history":[{"count":0,"href":"https:\/\/playatgila.com\/es\/wp-json\/wp\/v2\/pages\/10573\/revisions"}],"wp:attachment":[{"href":"https:\/\/playatgila.com\/es\/wp-json\/wp\/v2\/media?parent=10573"}],"curies":[{"name":"wp","href":"https:\/\/api.w.org\/{rel}","templated":true}]}}