{"id":34425,"date":"2025-01-30T14:40:56","date_gmt":"2025-01-30T21:40:56","guid":{"rendered":"https:\/\/playatgila.com\/?page_id=34425"},"modified":"2026-03-30T10:41:03","modified_gmt":"2026-03-30T17:41:03","slug":"livemusicatvq","status":"publish","type":"page","link":"https:\/\/playatgila.com\/es\/livemusicatvq\/","title":{"rendered":"M\u00fasica en directo en Vee Quiva"},"content":{"rendered":"<p>[et_pb_section fb_built=&#8221;1&#8243; admin_label=&#8221;Title&#8221; module_class=&#8221;dbs-white-bg-grey&#8221; _builder_version=&#8221;4.27.4&#8243; _module_preset=&#8221;default&#8221; background_image=&#8221;https:\/\/playatgila.com\/wp-content\/uploads\/Mountains-top.png&#8221; custom_margin=&#8221;0px||0px||false|false&#8221; custom_padding=&#8221;0px||20px||false|false&#8221; global_colors_info=&#8221;{}&#8221;][et_pb_row _builder_version=&#8221;4.27.4&#8243; _module_preset=&#8221;default&#8221; global_colors_info=&#8221;{}&#8221;][et_pb_column type=&#8221;4_4&#8243; _builder_version=&#8221;4.27.4&#8243; _module_preset=&#8221;default&#8221; global_colors_info=&#8221;{}&#8221;][et_pb_text _builder_version=&#8221;4.27.4&#8243; _module_preset=&#8221;default&#8221; global_colors_info=&#8221;{}&#8221;]<\/p>\n<h2 class=\"dbs-hero-title\" style=\"text-align: center;\"><span class=\"dbs-hero-title-gold\">LIVE MUSIC AT VEE QUIVA<\/span><\/h2>\n<p>[\/et_pb_text][\/et_pb_column][\/et_pb_row][\/et_pb_section][et_pb_section fb_built=&#8221;1&#8243; admin_label=&#8221;Image Left Box Right&#8221; module_class=&#8221;dbs-white-bg-grey&#8221; _builder_version=&#8221;4.21.0&#8243; _module_preset=&#8221;default&#8221; custom_margin=&#8221;0px||0px||false|false&#8221; custom_padding=&#8221;0px||20px||false|false&#8221; global_colors_info=&#8221;{}&#8221;][et_pb_row column_structure=&#8221;2_3,1_3&#8243; use_custom_gutter=&#8221;on&#8221; gutter_width=&#8221;1&#8243; make_equal=&#8221;on&#8221; admin_label=&#8221;Tequila Lounge&#8221; _builder_version=&#8221;4.27.4&#8243; _module_preset=&#8221;default&#8221; width=&#8221;100%&#8221; custom_margin=&#8221;||||false|false&#8221; custom_padding=&#8221;||||false|false&#8221; custom_css_main_element=&#8221;align-items:center;&#8221; global_colors_info=&#8221;{}&#8221;][et_pb_column type=&#8221;2_3&#8243; _builder_version=&#8221;4.16&#8243; _module_preset=&#8221;default&#8221; global_colors_info=&#8221;{}&#8221;][et_pb_image src=&#8221;https:\/\/playatgila.com\/wp-content\/uploads\/VQ-Tequila-Lounge-Front-lrg.png&#8221; alt=&#8221;Tequila Lounge&#8221; title_text=&#8221;POOL_PLAYING_FOOTBALL_1200&#8243; admin_label=&#8221;Tequila Lounge&#8221; _builder_version=&#8221;4.27.4&#8243; _module_preset=&#8221;default&#8221; global_colors_info=&#8221;{}&#8221;][\/et_pb_image][\/et_pb_column][et_pb_column type=&#8221;1_3&#8243; module_class=&#8221;dbs-no-button-box-right dbs-grey-bg&#8221; _builder_version=&#8221;4.21.0&#8243; _module_preset=&#8221;default&#8221; horizontal_offset=&#8221;-60px&#8221; z_index=&#8221;85&#8243; horizontal_offset_tablet=&#8221;0px&#8221; horizontal_offset_phone=&#8221;&#8221; horizontal_offset_last_edited=&#8221;on|tablet&#8221; custom_padding=&#8221;3%|3%|4%|3%|false|true&#8221; global_colors_info=&#8221;{}&#8221;][et_pb_text admin_label=&#8221;tagline&#8221; _builder_version=&#8221;4.27.4&#8243; _module_preset=&#8221;default&#8221; custom_margin=&#8221;||25px||false|false&#8221; global_colors_info=&#8221;{}&#8221;]<\/p>\n<p class=\"dbs-sans-tagline\">TEQUILA LOUNGE | VEE QUIVA<\/p>\n<p>[\/et_pb_text][et_pb_text admin_label=&#8221;Heading&#8221; _builder_version=&#8221;4.27.4&#8243; _module_preset=&#8221;default&#8221; custom_margin=&#8221;||20px||false|false&#8221; global_colors_info=&#8221;{}&#8221;]<\/p>\n<h1 class=\"dbs-gold-box-title\">Spicey Sounds<\/h1>\n<p>[\/et_pb_text][et_pb_text admin_label=&#8221;General Info&#8221; _builder_version=&#8221;4.27.5&#8243; _module_preset=&#8221;default&#8221; custom_margin=&#8221;||20px||false|false&#8221; global_colors_info=&#8221;{}&#8221;]<\/p>\n<p class=\"dbs-body-copy\">Spice up your weekends with live bands and DJs at Vee Quiva&#8217;s Tequila Lounge, where the tacos are tasty, the tequila flows, and the music never stops. Check out this month&#8217;s sizzling lineup below!<\/p>\n<p>[\/et_pb_text][et_pb_divider _builder_version=&#8221;4.27.5&#8243; _module_preset=&#8221;default&#8221; global_colors_info=&#8221;{}&#8221;][\/et_pb_divider][et_pb_text _builder_version=&#8221;4.27.6&#8243; _module_preset=&#8221;default&#8221; hover_enabled=&#8221;0&#8243; global_colors_info=&#8221;{}&#8221; sticky_enabled=&#8221;0&#8243;]<\/p>\n<p class=\"dbs-body-copy\"><strong>THURSDAY KARAOKE | 7PM-11PM<\/strong><\/p>\n<ul>\n<li class=\"dbs-body-copy\">04\/09 &#8211; DJ Chop<\/li>\n<li class=\"dbs-body-copy\">04\/23 &#8211; DJ Chop<\/li>\n<\/ul>\n<p class=\"dbs-body-copy\"><strong>FRIDAY BAND NIGHT | 9PM-1AM<\/strong><\/p>\n<ul>\n<li class=\"dbs-body-copy\">04\/03 &#8211; Conjunto Diferencia Band |<em> \u00a0South Texas Conjunto Music, Country, Oldies, Cumbias, Norteno, and more<\/em><\/li>\n<li class=\"dbs-body-copy\">04\/17 &#8211; Fire &amp; Desire Band |<em> Old School R&amp;B, Funk, Classic Rock, and Latin music, including Cumbias<\/em><\/li>\n<\/ul>\n<p class=\"dbs-body-copy\"><strong>DJ FRIDAYS | 9PM \u2013 2AM<\/strong><\/p>\n<ul>\n<li class=\"dbs-body-copy\">04\/10: DJ Myth<\/li>\n<li class=\"dbs-body-copy\">04\/24: DJ Myth<\/li>\n<\/ul>\n<p class=\"dbs-body-copy\"><strong>DJ SATURDAYS | 9PM \u2013 2AM<\/strong><\/p>\n<ul>\n<li class=\"dbs-body-copy\">04\/04: DJ Chop<\/li>\n<li class=\"dbs-body-copy\">04\/11: DJ Stylus<\/li>\n<li class=\"dbs-body-copy\">04\/18: DJ Local<\/li>\n<li class=\"dbs-body-copy\">04\/25: DJ Stylus<\/li>\n<\/ul>\n<p>[\/et_pb_text][\/et_pb_column][\/et_pb_row][\/et_pb_section][et_pb_section fb_built=&#8221;1&#8243; admin_label=&#8221;Image Right Box Left&#8221; module_class=&#8221;dbs-white-bg&#8221; _builder_version=&#8221;4.21.0&#8243; _module_preset=&#8221;default&#8221; custom_margin=&#8221;0px||0px||false|false&#8221; custom_padding=&#8221;0px||20px||false|false&#8221; global_colors_info=&#8221;{}&#8221;][et_pb_row column_structure=&#8221;1_3,2_3&#8243; use_custom_gutter=&#8221;on&#8221; gutter_width=&#8221;1&#8243; make_equal=&#8221;on&#8221; admin_label=&#8221;Square Bar&#8221; _builder_version=&#8221;4.27.4&#8243; _module_preset=&#8221;default&#8221; width=&#8221;100%&#8221; custom_css_main_element=&#8221;align-items:center;||display:flex;||flex-wrap: wrap;&#8221; global_colors_info=&#8221;{}&#8221;][et_pb_column type=&#8221;1_3&#8243; module_class=&#8221;dbs-no-button-box-left dbs-grey-bg&#8221; _builder_version=&#8221;4.21.0&#8243; _module_preset=&#8221;default&#8221; horizontal_offset=&#8221;60px&#8221; z_index=&#8221;85&#8243; horizontal_offset_tablet=&#8221;0px&#8221; horizontal_offset_phone=&#8221;&#8221; horizontal_offset_last_edited=&#8221;on|desktop&#8221; custom_padding=&#8221;3%|3%|4%|3%|false|true&#8221; custom_css_main_element=&#8221;order: 2;&#8221; global_colors_info=&#8221;{}&#8221;][et_pb_text admin_label=&#8221;tagline&#8221; _builder_version=&#8221;4.27.4&#8243; _module_preset=&#8221;default&#8221; custom_margin=&#8221;||25px||false|false&#8221; global_colors_info=&#8221;{}&#8221;]<\/p>\n<p class=\"dbs-sans-tagline\">SQUARE BAR | VEE QUIVA<\/p>\n<p>[\/et_pb_text][et_pb_text admin_label=&#8221;Heading&#8221; _builder_version=&#8221;4.27.4&#8243; _module_preset=&#8221;default&#8221; custom_margin=&#8221;||20px||false|false&#8221; global_colors_info=&#8221;{}&#8221;]<\/p>\n<h3 class=\"dbs-gold-box-title\">Square Beats<\/h3>\n<p>[\/et_pb_text][et_pb_text admin_label=&#8221;Body Text&#8221; _builder_version=&#8221;4.27.5&#8243; _module_preset=&#8221;default&#8221; custom_margin=&#8221;||30px||false|false&#8221; global_colors_info=&#8221;{}&#8221;]<\/p>\n<p class=\"dbs-body-copy\">Vee Quiva&#8217;s Square Bar is the place to be every Friday &amp; Saturday with live DJs spinning the hottest tracks. Enjoy featured drinks and good vibes while you dance the night away.<\/p>\n<p>[\/et_pb_text][et_pb_divider _builder_version=&#8221;4.27.5&#8243; _module_preset=&#8221;default&#8221; global_colors_info=&#8221;{}&#8221;][\/et_pb_divider][et_pb_text _builder_version=&#8221;4.27.6&#8243; _module_preset=&#8221;default&#8221; hover_enabled=&#8221;0&#8243; global_colors_info=&#8221;{}&#8221; sticky_enabled=&#8221;0&#8243;]<\/p>\n<p class=\"dbs-body-copy\"><strong>DJ FRIDAYS | 9PM \u2013 2AM<\/strong><\/p>\n<ul>\n<li class=\"dbs-body-copy\">04\/03: DJ Local<\/li>\n<li class=\"dbs-body-copy\">04\/10: DJ Goofee<\/li>\n<li class=\"dbs-body-copy\">04\/17: DJ Lo<\/li>\n<li class=\"dbs-body-copy\">04\/24: DJ Goofee<\/li>\n<\/ul>\n<p class=\"dbs-body-copy\"><strong>DJ SATURDAYS | 9PM \u2013 2AM<\/strong><\/p>\n<ul>\n<li class=\"dbs-body-copy\">04\/04: DJ Local<\/li>\n<li class=\"dbs-body-copy\">04\/11: DJ Represent<\/li>\n<li class=\"dbs-body-copy\">04\/18: DJ Diss Foo<\/li>\n<li class=\"dbs-body-copy\">04\/25: DJ Episode<\/li>\n<\/ul>\n<p>[\/et_pb_text][\/et_pb_column][et_pb_column type=&#8221;2_3&#8243; _builder_version=&#8221;4.16&#8243; _module_preset=&#8221;default&#8221; custom_css_main_element=&#8221;order: 1;&#8221; global_colors_info=&#8221;{}&#8221;][et_pb_image src=&#8221;https:\/\/playatgila.com\/wp-content\/uploads\/VQ-Square-Bar-Lrg.png&#8221; alt=&#8221;VQ Square Bar Lrg&#8221; admin_label=&#8221;Square bar&#8221; _builder_version=&#8221;4.27.4&#8243; _module_preset=&#8221;default&#8221; global_colors_info=&#8221;{}&#8221;][\/et_pb_image][\/et_pb_column][\/et_pb_row][\/et_pb_section][et_pb_section fb_built=&#8221;1&#8243; admin_label=&#8221;Image Left Box Right&#8221; module_class=&#8221;dbs-white-bg-grey&#8221; _builder_version=&#8221;4.21.0&#8243; _module_preset=&#8221;default&#8221; custom_margin=&#8221;0px||0px||false|false&#8221; custom_padding=&#8221;0px||20px||false|false&#8221; global_colors_info=&#8221;{}&#8221;][et_pb_row column_structure=&#8221;2_3,1_3&#8243; use_custom_gutter=&#8221;on&#8221; gutter_width=&#8221;1&#8243; make_equal=&#8221;on&#8221; admin_label=&#8221;Boots &#038; Brew&#8221; _builder_version=&#8221;4.27.4&#8243; _module_preset=&#8221;default&#8221; width=&#8221;100%&#8221; custom_margin=&#8221;||||false|false&#8221; custom_padding=&#8221;||||false|false&#8221; custom_css_main_element=&#8221;align-items:center;&#8221; global_colors_info=&#8221;{}&#8221;][et_pb_column type=&#8221;2_3&#8243; _builder_version=&#8221;4.16&#8243; _module_preset=&#8221;default&#8221; global_colors_info=&#8221;{}&#8221;][et_pb_image src=&#8221;https:\/\/playatgila.com\/wp-content\/uploads\/Boots-Brew-lrg.jpg&#8221; alt=&#8221;VQ Boots &#038; Brew lrg&#8221; title_text=&#8221;POOL_PLAYING_FOOTBALL_1200&#8243; admin_label=&#8221;Boots &#038; Brew&#8221; _builder_version=&#8221;4.27.4&#8243; _module_preset=&#8221;default&#8221; global_colors_info=&#8221;{}&#8221;][\/et_pb_image][\/et_pb_column][et_pb_column type=&#8221;1_3&#8243; module_class=&#8221;dbs-no-button-box-right dbs-grey-bg&#8221; _builder_version=&#8221;4.21.0&#8243; _module_preset=&#8221;default&#8221; horizontal_offset=&#8221;-60px&#8221; z_index=&#8221;85&#8243; horizontal_offset_tablet=&#8221;0px&#8221; horizontal_offset_phone=&#8221;&#8221; horizontal_offset_last_edited=&#8221;on|tablet&#8221; custom_padding=&#8221;3%|3%|4%|3%|false|true&#8221; global_colors_info=&#8221;{}&#8221;][et_pb_text admin_label=&#8221;tagline&#8221; _builder_version=&#8221;4.27.4&#8243; _module_preset=&#8221;default&#8221; custom_margin=&#8221;||25px||false|false&#8221; global_colors_info=&#8221;{}&#8221;]<\/p>\n<p class=\"dbs-sans-tagline\">BETMGM SPORTSBOOK | VEE QUIVA<\/p>\n<p>[\/et_pb_text][et_pb_text admin_label=&#8221;Heading&#8221; _builder_version=&#8221;4.27.4&#8243; _module_preset=&#8221;default&#8221; custom_margin=&#8221;||20px||false|false&#8221; global_colors_info=&#8221;{}&#8221;]<\/p>\n<h1 class=\"dbs-gold-box-title\">Boots, Brews &amp; Bets<\/h1>\n<p>[\/et_pb_text][et_pb_text admin_label=&#8221;General Info&#8221; _builder_version=&#8221;4.27.5&#8243; _module_preset=&#8221;default&#8221; custom_margin=&#8221;||20px||false|false&#8221; global_colors_info=&#8221;{}&#8221;]<\/p>\n<p class=\"dbs-body-copy\">Kick back in our BetMGM Sportsbook as local DJs spin your <strong>favorite country hits<\/strong>. Sip on ice-cold brews or handcrafted cocktails while you cheer on your team and place your bets. It\u2019s the perfect mix of music, drinks, and sports action\u2014all under one roof. Now every Friday &amp; Saturday night!<\/p>\n<p>[\/et_pb_text][et_pb_divider _builder_version=&#8221;4.27.5&#8243; _module_preset=&#8221;default&#8221; global_colors_info=&#8221;{}&#8221;][\/et_pb_divider][et_pb_text _builder_version=&#8221;4.27.6&#8243; _module_preset=&#8221;default&#8221; hover_enabled=&#8221;0&#8243; global_colors_info=&#8221;{}&#8221; sticky_enabled=&#8221;0&#8243;]<\/p>\n<p class=\"dbs-body-copy\"><strong>FRIDAYS | 9PM \u2013 2AM<\/strong><\/p>\n<ul>\n<li class=\"dbs-body-copy\">04\/03: DJ Blaze<\/li>\n<li class=\"dbs-body-copy\">04\/10: DJ Represent<\/li>\n<li class=\"dbs-body-copy\">04\/17: DJ Chop<\/li>\n<li class=\"dbs-body-copy\">04\/24: DJ Ella Mental<\/li>\n<\/ul>\n<p class=\"dbs-body-copy\"><strong>SATURDAYS | 9PM \u2013 2AM<\/strong><\/p>\n<ul>\n<li class=\"dbs-body-copy\">04\/04: DJ Blaze<\/li>\n<li class=\"dbs-body-copy\">04\/11: DJ Myth<\/li>\n<li class=\"dbs-body-copy\">04\/18: DJ Chop<\/li>\n<li class=\"dbs-body-copy\">04\/25: DJ Ella Mental<\/li>\n<\/ul>\n<div><\/div>\n<p>[\/et_pb_text][\/et_pb_column][\/et_pb_row][\/et_pb_section]<\/p>\n","protected":false},"excerpt":{"rendered":"<p>LIVE MUSIC AT VEE QUIVATEQUILA LOUNGE | VEE QUIVASpicey SoundsSpice up your weekends with live bands and DJs at Vee Quiva&#8217;s Tequila Lounge, where the tacos are tasty, the tequila flows, and the music never stops. Check out this month&#8217;s sizzling lineup below!THURSDAY KARAOKE | 7PM-11PM 04\/09 &#8211; DJ Chop 04\/23 &#8211; DJ Chop FRIDAY [&hellip;]<\/p>\n","protected":false},"author":3,"featured_media":0,"parent":0,"menu_order":50,"comment_status":"closed","ping_status":"closed","template":"","meta":{"_acf_changed":false,"_et_pb_use_builder":"on","_et_pb_old_content":"","_et_gb_content_width":"","inline_featured_image":false,"footnotes":""},"class_list":["post-34425","page","type-page","status-publish","hentry"],"acf":[],"yoast_head":"<!-- This site is optimized with the Yoast SEO plugin v27.3 - https:\/\/yoast.com\/product\/yoast-seo-wordpress\/ -->\n<title>Live Music at Vee Quiva<\/title>\n<meta name=\"description\" content=\"Enjoy free live music in Laveen, AZ at Vee Quiva. Local bands and DJs every Friday and Saturday night. Must be 21+.\" \/>\n<meta name=\"robots\" content=\"index, follow, max-snippet:-1, max-image-preview:large, max-video-preview:-1\" \/>\n<link rel=\"canonical\" href=\"https:\/\/playatgila.com\/es\/livemusicatvq\/\" \/>\n<meta property=\"og:locale\" content=\"es_MX\" \/>\n<meta property=\"og:type\" content=\"article\" \/>\n<meta property=\"og:title\" content=\"Live Music at Vee Quiva\" \/>\n<meta property=\"og:description\" content=\"Enjoy free live music in Laveen, AZ at Vee Quiva. Local bands and DJs every Friday and Saturday night. Must be 21+.\" \/>\n<meta property=\"og:url\" content=\"https:\/\/playatgila.com\/es\/livemusicatvq\/\" \/>\n<meta property=\"og:site_name\" content=\"Gila River Resorts &amp; Casinos\" \/>\n<meta property=\"article:modified_time\" content=\"2026-03-30T17:41:03+00:00\" \/>\n<meta name=\"twitter:card\" content=\"summary_large_image\" \/>\n<meta name=\"twitter:label1\" content=\"Tiempo de lectura\" \/>\n\t<meta name=\"twitter:data1\" content=\"6 minutos\" \/>\n<script type=\"application\/ld+json\" class=\"yoast-schema-graph\">{\"@context\":\"https:\\\/\\\/schema.org\",\"@graph\":[{\"@type\":\"WebPage\",\"@id\":\"https:\\\/\\\/playatgila.com\\\/livemusicatvq\\\/\",\"url\":\"https:\\\/\\\/playatgila.com\\\/livemusicatvq\\\/\",\"name\":\"Live Music at Vee Quiva\",\"isPartOf\":{\"@id\":\"https:\\\/\\\/playatgila.com\\\/#website\"},\"datePublished\":\"2025-01-30T21:40:56+00:00\",\"dateModified\":\"2026-03-30T17:41:03+00:00\",\"description\":\"Enjoy free live music in Laveen, AZ at Vee Quiva. Local bands and DJs every Friday and Saturday night. Must be 21+.\",\"breadcrumb\":{\"@id\":\"https:\\\/\\\/playatgila.com\\\/livemusicatvq\\\/#breadcrumb\"},\"inLanguage\":\"es\",\"potentialAction\":[{\"@type\":\"ReadAction\",\"target\":[\"https:\\\/\\\/playatgila.com\\\/livemusicatvq\\\/\"]}]},{\"@type\":\"BreadcrumbList\",\"@id\":\"https:\\\/\\\/playatgila.com\\\/livemusicatvq\\\/#breadcrumb\",\"itemListElement\":[{\"@type\":\"ListItem\",\"position\":1,\"name\":\"Home\",\"item\":\"https:\\\/\\\/playatgila.com\\\/\"},{\"@type\":\"ListItem\",\"position\":2,\"name\":\"Live Music at Vee Quiva\"}]},{\"@type\":\"WebSite\",\"@id\":\"https:\\\/\\\/playatgila.com\\\/#website\",\"url\":\"https:\\\/\\\/playatgila.com\\\/\",\"name\":\"Gila River Resorts &amp; Casinos\",\"description\":\"You Do You.\",\"publisher\":{\"@id\":\"https:\\\/\\\/playatgila.com\\\/#organization\"},\"potentialAction\":[{\"@type\":\"SearchAction\",\"target\":{\"@type\":\"EntryPoint\",\"urlTemplate\":\"https:\\\/\\\/playatgila.com\\\/?s={search_term_string}\"},\"query-input\":{\"@type\":\"PropertyValueSpecification\",\"valueRequired\":true,\"valueName\":\"search_term_string\"}}],\"inLanguage\":\"es\"},{\"@type\":\"Organization\",\"@id\":\"https:\\\/\\\/playatgila.com\\\/#organization\",\"name\":\"Gila River Resorts & Casinos\",\"url\":\"https:\\\/\\\/playatgila.com\\\/\",\"logo\":{\"@type\":\"ImageObject\",\"inLanguage\":\"es\",\"@id\":\"https:\\\/\\\/playatgila.com\\\/#\\\/schema\\\/logo\\\/image\\\/\",\"url\":\"https:\\\/\\\/playatgila.com\\\/wp-content\\\/uploads\\\/GRRC-Logo-NoProperties-Black.svg\",\"contentUrl\":\"https:\\\/\\\/playatgila.com\\\/wp-content\\\/uploads\\\/GRRC-Logo-NoProperties-Black.svg\",\"width\":100,\"height\":100,\"caption\":\"Gila River Resorts & Casinos\"},\"image\":{\"@id\":\"https:\\\/\\\/playatgila.com\\\/#\\\/schema\\\/logo\\\/image\\\/\"}}]}<\/script>\n<!-- \/ Yoast SEO plugin. -->","yoast_head_json":{"title":"M\u00fasica en directo en Vee Quiva","description":"Disfruta de m\u00fasica en directo gratis en Laveen, AZ en Vee Quiva. Bandas locales y DJs todos los viernes y s\u00e1bados por la noche. Mayores de 21 a\u00f1os.","robots":{"index":"index","follow":"follow","max-snippet":"max-snippet:-1","max-image-preview":"max-image-preview:large","max-video-preview":"max-video-preview:-1"},"canonical":"https:\/\/playatgila.com\/es\/livemusicatvq\/","og_locale":"es_MX","og_type":"article","og_title":"Live Music at Vee Quiva","og_description":"Enjoy free live music in Laveen, AZ at Vee Quiva. Local bands and DJs every Friday and Saturday night. Must be 21+.","og_url":"https:\/\/playatgila.com\/es\/livemusicatvq\/","og_site_name":"Gila River Resorts &amp; Casinos","article_modified_time":"2026-03-30T17:41:03+00:00","twitter_card":"summary_large_image","twitter_misc":{"Tiempo de lectura":"6 minutos"},"schema":{"@context":"https:\/\/schema.org","@graph":[{"@type":"WebPage","@id":"https:\/\/playatgila.com\/livemusicatvq\/","url":"https:\/\/playatgila.com\/livemusicatvq\/","name":"M\u00fasica en directo en Vee Quiva","isPartOf":{"@id":"https:\/\/playatgila.com\/#website"},"datePublished":"2025-01-30T21:40:56+00:00","dateModified":"2026-03-30T17:41:03+00:00","description":"Disfruta de m\u00fasica en directo gratis en Laveen, AZ en Vee Quiva. Bandas locales y DJs todos los viernes y s\u00e1bados por la noche. Mayores de 21 a\u00f1os.","breadcrumb":{"@id":"https:\/\/playatgila.com\/livemusicatvq\/#breadcrumb"},"inLanguage":"es","potentialAction":[{"@type":"ReadAction","target":["https:\/\/playatgila.com\/livemusicatvq\/"]}]},{"@type":"BreadcrumbList","@id":"https:\/\/playatgila.com\/livemusicatvq\/#breadcrumb","itemListElement":[{"@type":"ListItem","position":1,"name":"Home","item":"https:\/\/playatgila.com\/"},{"@type":"ListItem","position":2,"name":"Live Music at Vee Quiva"}]},{"@type":"WebSite","@id":"https:\/\/playatgila.com\/#website","url":"https:\/\/playatgila.com\/","name":"Gila River Resorts &amp; Casinos","description":"Hazlo t\u00fa.","publisher":{"@id":"https:\/\/playatgila.com\/#organization"},"potentialAction":[{"@type":"SearchAction","target":{"@type":"EntryPoint","urlTemplate":"https:\/\/playatgila.com\/?s={search_term_string}"},"query-input":{"@type":"PropertyValueSpecification","valueRequired":true,"valueName":"search_term_string"}}],"inLanguage":"es"},{"@type":"Organization","@id":"https:\/\/playatgila.com\/#organization","name":"Gila River Resorts &amp; Casinos","url":"https:\/\/playatgila.com\/","logo":{"@type":"ImageObject","inLanguage":"es","@id":"https:\/\/playatgila.com\/#\/schema\/logo\/image\/","url":"https:\/\/playatgila.com\/wp-content\/uploads\/GRRC-Logo-NoProperties-Black.svg","contentUrl":"https:\/\/playatgila.com\/wp-content\/uploads\/GRRC-Logo-NoProperties-Black.svg","width":100,"height":100,"caption":"Gila River Resorts & Casinos"},"image":{"@id":"https:\/\/playatgila.com\/#\/schema\/logo\/image\/"}}]}},"publishpress_future_workflow_manual_trigger":{"enabledWorkflows":[]},"_links":{"self":[{"href":"https:\/\/playatgila.com\/es\/wp-json\/wp\/v2\/pages\/34425","targetHints":{"allow":["GET"]}}],"collection":[{"href":"https:\/\/playatgila.com\/es\/wp-json\/wp\/v2\/pages"}],"about":[{"href":"https:\/\/playatgila.com\/es\/wp-json\/wp\/v2\/types\/page"}],"author":[{"embeddable":true,"href":"https:\/\/playatgila.com\/es\/wp-json\/wp\/v2\/users\/3"}],"replies":[{"embeddable":true,"href":"https:\/\/playatgila.com\/es\/wp-json\/wp\/v2\/comments?post=34425"}],"version-history":[{"count":69,"href":"https:\/\/playatgila.com\/es\/wp-json\/wp\/v2\/pages\/34425\/revisions"}],"predecessor-version":[{"id":44381,"href":"https:\/\/playatgila.com\/es\/wp-json\/wp\/v2\/pages\/34425\/revisions\/44381"}],"wp:attachment":[{"href":"https:\/\/playatgila.com\/es\/wp-json\/wp\/v2\/media?parent=34425"}],"curies":[{"name":"wp","href":"https:\/\/api.w.org\/{rel}","templated":true}]}}