{"id":34614,"date":"2025-02-05T12:56:57","date_gmt":"2025-02-05T19:56:57","guid":{"rendered":"https:\/\/playatgila.com\/?page_id=34614"},"modified":"2026-03-30T09:55:08","modified_gmt":"2026-03-30T16:55:08","slug":"musica-en-directo-en-la-montana-de-santan","status":"publish","type":"page","link":"https:\/\/playatgila.com\/es\/live-music-at-santan-mountain\/","title":{"rendered":"M\u00fasica en directo en Santan Mountain"},"content":{"rendered":"<p>[et_pb_section fb_built=&#8221;1&#8243; admin_label=&#8221;Title&#8221; module_class=&#8221;dbs-white-bg-grey&#8221; _builder_version=&#8221;4.27.4&#8243; _module_preset=&#8221;default&#8221; background_image=&#8221;https:\/\/playatgila.com\/wp-content\/uploads\/Mountains-top.png&#8221; custom_margin=&#8221;0px||0px||false|false&#8221; custom_padding=&#8221;0px||20px||false|false&#8221; global_colors_info=&#8221;{}&#8221;][et_pb_row _builder_version=&#8221;4.27.4&#8243; _module_preset=&#8221;default&#8221; global_colors_info=&#8221;{}&#8221;][et_pb_column type=&#8221;4_4&#8243; _builder_version=&#8221;4.27.4&#8243; _module_preset=&#8221;default&#8221; global_colors_info=&#8221;{}&#8221;][et_pb_text _builder_version=&#8221;4.27.4&#8243; _module_preset=&#8221;default&#8221; global_colors_info=&#8221;{}&#8221;]<\/p>\n<h2 class=\"dbs-hero-title\" style=\"text-align: center;\"><span class=\"dbs-hero-title-gold\">LIVE MUSIC AT SANTAN MOUNTAIN<\/span><\/h2>\n<p>[\/et_pb_text][\/et_pb_column][\/et_pb_row][\/et_pb_section][et_pb_section fb_built=&#8221;1&#8243; admin_label=&#8221;Image Left Box Right&#8221; module_class=&#8221;dbs-white-bg-grey&#8221; _builder_version=&#8221;4.21.0&#8243; _module_preset=&#8221;default&#8221; custom_margin=&#8221;0px||0px||false|false&#8221; custom_padding=&#8221;0px||20px||false|false&#8221; global_colors_info=&#8221;{}&#8221;][et_pb_row column_structure=&#8221;1_3,2_3&#8243; use_custom_gutter=&#8221;on&#8221; gutter_width=&#8221;1&#8243; make_equal=&#8221;on&#8221; admin_label=&#8221;Santan Mountain Weekend Takeover&#8221; _builder_version=&#8221;4.27.6&#8243; _module_preset=&#8221;default&#8221; width=&#8221;100%&#8221; custom_css_main_element=&#8221;align-items:center;||display:flex;||flex-wrap: wrap;&#8221; global_colors_info=&#8221;{}&#8221;][et_pb_column type=&#8221;1_3&#8243; module_class=&#8221;dbs-no-button-box-left dbs-grey-bg&#8221; _builder_version=&#8221;4.21.0&#8243; _module_preset=&#8221;default&#8221; horizontal_offset=&#8221;60px&#8221; z_index=&#8221;85&#8243; horizontal_offset_tablet=&#8221;0px&#8221; horizontal_offset_phone=&#8221;&#8221; horizontal_offset_last_edited=&#8221;on|desktop&#8221; custom_padding=&#8221;3%|3%|4%|3%|false|true&#8221; custom_css_main_element=&#8221;order: 2;&#8221; global_colors_info=&#8221;{}&#8221;][et_pb_text admin_label=&#8221;tagline&#8221; _builder_version=&#8221;4.27.6&#8243; _module_preset=&#8221;default&#8221; custom_margin=&#8221;||25px||false|false&#8221; global_colors_info=&#8221;{}&#8221;]<\/p>\n<p class=\"dbs-sans-tagline\">HIVE BAR | SANTAN MOUNTAIN<\/p>\n<p>[\/et_pb_text][et_pb_text admin_label=&#8221;Heading&#8221; _builder_version=&#8221;4.27.6&#8243; _module_preset=&#8221;default&#8221; custom_margin=&#8221;||20px||false|false&#8221; global_colors_info=&#8221;{}&#8221;]<\/p>\n<h1 class=\"dbs-gold-box-title\">Buzz. Beat. Repeat.<\/h1>\n<p>[\/et_pb_text][et_pb_text admin_label=&#8221;General Info&#8221; _builder_version=&#8221;4.27.6&#8243; _module_preset=&#8221;default&#8221; custom_margin=&#8221;||20px||false|false&#8221; hover_enabled=&#8221;0&#8243; global_colors_info=&#8221;{}&#8221; sticky_enabled=&#8221;0&#8243;]<\/p>\n<p class=\"dbs-body-copy\"><strong>Fridays &#038; Saturdays | 9 PM\u2013Midnight<\/strong><\/p>\n<p class=\"dbs-body-copy\">Live at The Hive Center Bar<\/p>\n<p class=\"dbs-body-copy\">The Hive Center Bar comes alive with resident <strong>DJ Ray Rodriguez<\/strong> spinning the top hits and keeping the energy buzzing all night long.<\/p>\n<p class=\"dbs-body-copy\">Step into the center of the action at Hive\u2014the eclectic bar where the drinks are cold, the vibes are high, and something fun is always happening. Grab your favorite cocktail, jump into some games, and catch your team on their way to victory.<\/p>\n<p>[\/et_pb_text][\/et_pb_column][et_pb_column type=&#8221;2_3&#8243; _builder_version=&#8221;4.16&#8243; _module_preset=&#8221;default&#8221; custom_css_main_element=&#8221;order: 1;&#8221; global_colors_info=&#8221;{}&#8221;][et_pb_image src=&#8221;https:\/\/playatgila.com\/wp-content\/uploads\/Weekend-Takeover-STM-LRG.jpg&#8221; alt=&#8221;Weekend Takeover STM LRG&#8221; _builder_version=&#8221;4.27.6&#8243; _module_preset=&#8221;default&#8221; hover_enabled=&#8221;0&#8243; global_colors_info=&#8221;{}&#8221; sticky_enabled=&#8221;0&#8243;][\/et_pb_image][\/et_pb_column][\/et_pb_row][\/et_pb_section]<\/p>\n","protected":false},"excerpt":{"rendered":"<p>LIVE MUSIC AT SANTAN MOUNTAINHIVE BAR | SANTAN MOUNTAINBuzz. Beat. Repeat.Fridays &#038; Saturdays | 9 PM\u2013Midnight Live at The Hive Center Bar The Hive Center Bar comes alive with resident DJ Ray Rodriguez spinning the top hits and keeping the energy buzzing all night long. Step into the center of the action at Hive\u2014the eclectic [&hellip;]<\/p>\n","protected":false},"author":3,"featured_media":0,"parent":0,"menu_order":50,"comment_status":"closed","ping_status":"closed","template":"","meta":{"_acf_changed":false,"_et_pb_use_builder":"on","_et_pb_old_content":"","_et_gb_content_width":"","inline_featured_image":false,"footnotes":""},"class_list":["post-34614","page","type-page","status-publish","hentry"],"acf":[],"yoast_head":"<!-- This site is optimized with the Yoast SEO plugin v27.3 - https:\/\/yoast.com\/product\/yoast-seo-wordpress\/ -->\n<title>Live Music at Santan Mountain<\/title>\n<meta name=\"description\" content=\"Enjoy free live music in Chandler, AZ at Santan Mountain&#039;s BetMGM Sportsbook. Local bands perform most weekends. Must be 21+.\" \/>\n<meta name=\"robots\" content=\"index, follow, max-snippet:-1, max-image-preview:large, max-video-preview:-1\" \/>\n<link rel=\"canonical\" href=\"https:\/\/playatgila.com\/es\/musica-en-directo-en-la-montana-de-santan\/\" \/>\n<meta property=\"og:locale\" content=\"es_MX\" \/>\n<meta property=\"og:type\" content=\"article\" \/>\n<meta property=\"og:title\" content=\"Live Music at Santan Mountain\" \/>\n<meta property=\"og:description\" content=\"Enjoy free live music in Chandler, AZ at Santan Mountain&#039;s BetMGM Sportsbook. Local bands perform most weekends. Must be 21+.\" \/>\n<meta property=\"og:url\" content=\"https:\/\/playatgila.com\/es\/musica-en-directo-en-la-montana-de-santan\/\" \/>\n<meta property=\"og:site_name\" content=\"Gila River Resorts &amp; Casinos\" \/>\n<meta property=\"article:modified_time\" content=\"2026-03-30T16:55:08+00:00\" \/>\n<meta name=\"twitter:card\" content=\"summary_large_image\" \/>\n<meta name=\"twitter:label1\" content=\"Tiempo de lectura\" \/>\n\t<meta name=\"twitter:data1\" content=\"2 minutos\" \/>\n<script type=\"application\/ld+json\" class=\"yoast-schema-graph\">{\"@context\":\"https:\\\/\\\/schema.org\",\"@graph\":[{\"@type\":\"WebPage\",\"@id\":\"https:\\\/\\\/playatgila.com\\\/live-music-at-santan-mountain\\\/\",\"url\":\"https:\\\/\\\/playatgila.com\\\/live-music-at-santan-mountain\\\/\",\"name\":\"Live Music at Santan Mountain\",\"isPartOf\":{\"@id\":\"https:\\\/\\\/playatgila.com\\\/#website\"},\"datePublished\":\"2025-02-05T19:56:57+00:00\",\"dateModified\":\"2026-03-30T16:55:08+00:00\",\"description\":\"Enjoy free live music in Chandler, AZ at Santan Mountain's BetMGM Sportsbook. Local bands perform most weekends. Must be 21+.\",\"breadcrumb\":{\"@id\":\"https:\\\/\\\/playatgila.com\\\/live-music-at-santan-mountain\\\/#breadcrumb\"},\"inLanguage\":\"es\",\"potentialAction\":[{\"@type\":\"ReadAction\",\"target\":[\"https:\\\/\\\/playatgila.com\\\/live-music-at-santan-mountain\\\/\"]}]},{\"@type\":\"BreadcrumbList\",\"@id\":\"https:\\\/\\\/playatgila.com\\\/live-music-at-santan-mountain\\\/#breadcrumb\",\"itemListElement\":[{\"@type\":\"ListItem\",\"position\":1,\"name\":\"Home\",\"item\":\"https:\\\/\\\/playatgila.com\\\/\"},{\"@type\":\"ListItem\",\"position\":2,\"name\":\"Live Music at Santan Mountain\"}]},{\"@type\":\"WebSite\",\"@id\":\"https:\\\/\\\/playatgila.com\\\/#website\",\"url\":\"https:\\\/\\\/playatgila.com\\\/\",\"name\":\"Gila River Resorts &amp; Casinos\",\"description\":\"You Do You.\",\"publisher\":{\"@id\":\"https:\\\/\\\/playatgila.com\\\/#organization\"},\"potentialAction\":[{\"@type\":\"SearchAction\",\"target\":{\"@type\":\"EntryPoint\",\"urlTemplate\":\"https:\\\/\\\/playatgila.com\\\/?s={search_term_string}\"},\"query-input\":{\"@type\":\"PropertyValueSpecification\",\"valueRequired\":true,\"valueName\":\"search_term_string\"}}],\"inLanguage\":\"es\"},{\"@type\":\"Organization\",\"@id\":\"https:\\\/\\\/playatgila.com\\\/#organization\",\"name\":\"Gila River Resorts & Casinos\",\"url\":\"https:\\\/\\\/playatgila.com\\\/\",\"logo\":{\"@type\":\"ImageObject\",\"inLanguage\":\"es\",\"@id\":\"https:\\\/\\\/playatgila.com\\\/#\\\/schema\\\/logo\\\/image\\\/\",\"url\":\"https:\\\/\\\/playatgila.com\\\/wp-content\\\/uploads\\\/GRRC-Logo-NoProperties-Black.svg\",\"contentUrl\":\"https:\\\/\\\/playatgila.com\\\/wp-content\\\/uploads\\\/GRRC-Logo-NoProperties-Black.svg\",\"width\":100,\"height\":100,\"caption\":\"Gila River Resorts & Casinos\"},\"image\":{\"@id\":\"https:\\\/\\\/playatgila.com\\\/#\\\/schema\\\/logo\\\/image\\\/\"}}]}<\/script>\n<!-- \/ Yoast SEO plugin. -->","yoast_head_json":{"title":"M\u00fasica en directo en Santan Mountain","description":"Disfrute de m\u00fasica en vivo gratis en Chandler, AZ en BetMGM Sportsbook de Santan Mountain. Bandas locales act\u00faan la mayor\u00eda de los fines de semana. Debe ser 21+.","robots":{"index":"index","follow":"follow","max-snippet":"max-snippet:-1","max-image-preview":"max-image-preview:large","max-video-preview":"max-video-preview:-1"},"canonical":"https:\/\/playatgila.com\/es\/musica-en-directo-en-la-montana-de-santan\/","og_locale":"es_MX","og_type":"article","og_title":"Live Music at Santan Mountain","og_description":"Enjoy free live music in Chandler, AZ at Santan Mountain's BetMGM Sportsbook. Local bands perform most weekends. Must be 21+.","og_url":"https:\/\/playatgila.com\/es\/musica-en-directo-en-la-montana-de-santan\/","og_site_name":"Gila River Resorts &amp; Casinos","article_modified_time":"2026-03-30T16:55:08+00:00","twitter_card":"summary_large_image","twitter_misc":{"Tiempo de lectura":"2 minutos"},"schema":{"@context":"https:\/\/schema.org","@graph":[{"@type":"WebPage","@id":"https:\/\/playatgila.com\/live-music-at-santan-mountain\/","url":"https:\/\/playatgila.com\/live-music-at-santan-mountain\/","name":"M\u00fasica en directo en Santan Mountain","isPartOf":{"@id":"https:\/\/playatgila.com\/#website"},"datePublished":"2025-02-05T19:56:57+00:00","dateModified":"2026-03-30T16:55:08+00:00","description":"Disfrute de m\u00fasica en vivo gratis en Chandler, AZ en BetMGM Sportsbook de Santan Mountain. Bandas locales act\u00faan la mayor\u00eda de los fines de semana. Debe ser 21+.","breadcrumb":{"@id":"https:\/\/playatgila.com\/live-music-at-santan-mountain\/#breadcrumb"},"inLanguage":"es","potentialAction":[{"@type":"ReadAction","target":["https:\/\/playatgila.com\/live-music-at-santan-mountain\/"]}]},{"@type":"BreadcrumbList","@id":"https:\/\/playatgila.com\/live-music-at-santan-mountain\/#breadcrumb","itemListElement":[{"@type":"ListItem","position":1,"name":"Home","item":"https:\/\/playatgila.com\/"},{"@type":"ListItem","position":2,"name":"Live Music at Santan Mountain"}]},{"@type":"WebSite","@id":"https:\/\/playatgila.com\/#website","url":"https:\/\/playatgila.com\/","name":"Gila River Resorts &amp; Casinos","description":"Hazlo t\u00fa.","publisher":{"@id":"https:\/\/playatgila.com\/#organization"},"potentialAction":[{"@type":"SearchAction","target":{"@type":"EntryPoint","urlTemplate":"https:\/\/playatgila.com\/?s={search_term_string}"},"query-input":{"@type":"PropertyValueSpecification","valueRequired":true,"valueName":"search_term_string"}}],"inLanguage":"es"},{"@type":"Organization","@id":"https:\/\/playatgila.com\/#organization","name":"Gila River Resorts &amp; Casinos","url":"https:\/\/playatgila.com\/","logo":{"@type":"ImageObject","inLanguage":"es","@id":"https:\/\/playatgila.com\/#\/schema\/logo\/image\/","url":"https:\/\/playatgila.com\/wp-content\/uploads\/GRRC-Logo-NoProperties-Black.svg","contentUrl":"https:\/\/playatgila.com\/wp-content\/uploads\/GRRC-Logo-NoProperties-Black.svg","width":100,"height":100,"caption":"Gila River Resorts & Casinos"},"image":{"@id":"https:\/\/playatgila.com\/#\/schema\/logo\/image\/"}}]}},"publishpress_future_workflow_manual_trigger":{"enabledWorkflows":[]},"_links":{"self":[{"href":"https:\/\/playatgila.com\/es\/wp-json\/wp\/v2\/pages\/34614","targetHints":{"allow":["GET"]}}],"collection":[{"href":"https:\/\/playatgila.com\/es\/wp-json\/wp\/v2\/pages"}],"about":[{"href":"https:\/\/playatgila.com\/es\/wp-json\/wp\/v2\/types\/page"}],"author":[{"embeddable":true,"href":"https:\/\/playatgila.com\/es\/wp-json\/wp\/v2\/users\/3"}],"replies":[{"embeddable":true,"href":"https:\/\/playatgila.com\/es\/wp-json\/wp\/v2\/comments?post=34614"}],"version-history":[{"count":52,"href":"https:\/\/playatgila.com\/es\/wp-json\/wp\/v2\/pages\/34614\/revisions"}],"predecessor-version":[{"id":44373,"href":"https:\/\/playatgila.com\/es\/wp-json\/wp\/v2\/pages\/34614\/revisions\/44373"}],"wp:attachment":[{"href":"https:\/\/playatgila.com\/es\/wp-json\/wp\/v2\/media?parent=34614"}],"curies":[{"name":"wp","href":"https:\/\/api.w.org\/{rel}","templated":true}]}}