{"id":38553,"date":"2025-09-04T11:54:55","date_gmt":"2025-09-04T18:54:55","guid":{"rendered":"https:\/\/playatgila.com\/?page_id=38553"},"modified":"2025-09-04T11:54:56","modified_gmt":"2025-09-04T18:54:56","slug":"goldrush-oasis-pool-party-cabana-inquiries","status":"publish","type":"page","link":"https:\/\/playatgila.com\/es\/goldrush-oasis-pool-party-cabana-inquiries\/","title":{"rendered":"Goldrush Oasis Pool Party Cabana Inquiries"},"content":{"rendered":"<p>[et_pb_section fb_built=&#8221;1&#8243; fullwidth=&#8221;on&#8221; _builder_version=&#8221;4.16&#8243; _module_preset=&#8221;default&#8221; global_colors_info=&#8221;{}&#8221;][et_pb_fullwidth_image src=&#8221;https:\/\/playatgila.com\/wp-content\/uploads\/Mountains-top.png&#8221; alt=&#8221;Mountains top&#8221; src_last_edited=&#8221;off|desktop&#8221; disabled_on=&#8221;on|on|off&#8221; _builder_version=&#8221;4.27.4&#8243; _module_preset=&#8221;default&#8221; global_colors_info=&#8221;{}&#8221;][\/et_pb_fullwidth_image][et_pb_fullwidth_image src=&#8221;https:\/\/playatgila.com\/wp-content\/uploads\/Mountains-mobile.png&#8221; alt=&#8221;Mountains mobile&#8221; title_text=&#8221;top-2@4x&#8221; src_last_edited=&#8221;off|desktop&#8221; disabled_on=&#8221;off|off|on&#8221; _builder_version=&#8221;4.27.4&#8243; _module_preset=&#8221;default&#8221; global_colors_info=&#8221;{}&#8221;][\/et_pb_fullwidth_image][\/et_pb_section][et_pb_section fb_built=&#8221;1&#8243; admin_label=&#8221;Mod 10 Second&#8221; module_class=&#8221;dbs-mod-10&#8243; _builder_version=&#8221;4.16&#8243; _module_preset=&#8221;default&#8221; custom_margin=&#8221;||40px||false|false&#8221; custom_padding=&#8221;||40px||false|false&#8221; global_colors_info=&#8221;{}&#8221;][et_pb_row make_equal=&#8221;on&#8221; custom_padding_last_edited=&#8221;on|tablet&#8221; module_class=&#8221;dbs-white-bg-black-attack&#8221; _builder_version=&#8221;4.16&#8243; _module_preset=&#8221;default&#8221; width_tablet=&#8221;92%&#8221; width_phone=&#8221;&#8221; width_last_edited=&#8221;on|tablet&#8221; module_alignment=&#8221;center&#8221; custom_margin=&#8221;-7%||0px||false|false&#8221; custom_margin_tablet=&#8221;-11%||||false|false&#8221; custom_margin_phone=&#8221;-16%||||false|false&#8221; custom_margin_last_edited=&#8221;on|phone&#8221; custom_padding=&#8221;30px|2%|0px|2%|false|false&#8221; custom_padding_tablet=&#8221;|5%||5%|false|true&#8221; custom_padding_phone=&#8221;&#8221; custom_css_main_element=&#8221;align-items:center;&#8221; global_colors_info=&#8221;{}&#8221;][et_pb_column type=&#8221;4_4&#8243; _builder_version=&#8221;4.16&#8243; _module_preset=&#8221;default&#8221; global_colors_info=&#8221;{}&#8221;][et_pb_text admin_label=&#8221;Title&#8221; _builder_version=&#8221;4.27.4&#8243; _module_preset=&#8221;default&#8221; custom_margin=&#8221;0px||0px||false|false&#8221; custom_padding=&#8221;0px||0px||false|false&#8221; hover_enabled=&#8221;0&#8243; global_colors_info=&#8221;{}&#8221; sticky_enabled=&#8221;0&#8243;]<\/p>\n<h1 class=\"dbs-mod-10-heading\">Goldrush Oasis Pool Party Cabanas<\/h1>\n<p>[\/et_pb_text][\/et_pb_column][\/et_pb_row][et_pb_row custom_padding_last_edited=&#8221;on|tablet&#8221; module_class=&#8221;dbs-white-bg-black-attack&#8221; _builder_version=&#8221;4.16&#8243; _module_preset=&#8221;default&#8221; width_tablet=&#8221;92%&#8221; width_phone=&#8221;&#8221; width_last_edited=&#8221;on|desktop&#8221; module_alignment=&#8221;center&#8221; custom_margin=&#8221;0px||0px||false|false&#8221; custom_padding=&#8221;0px|2%|5px|2%|false|false&#8221; custom_padding_tablet=&#8221;0px|5%|5px|5%|false|true&#8221; custom_padding_phone=&#8221;&#8221; global_colors_info=&#8221;{}&#8221;][et_pb_column type=&#8221;4_4&#8243; _builder_version=&#8221;4.16&#8243; _module_preset=&#8221;default&#8221; global_colors_info=&#8221;{}&#8221;][et_pb_text admin_label=&#8221;Double HR&#8221; _builder_version=&#8221;4.16&#8243; _module_preset=&#8221;default&#8221; custom_margin=&#8221;0px||||false|false&#8221; custom_padding=&#8221;0px||||false|false&#8221; global_colors_info=&#8221;{}&#8221;]<\/p>\n<hr class=\"dbs-double-hr-1\">\n<hr class=\"dbs-double-hr-2\">[\/et_pb_text][\/et_pb_column][\/et_pb_row][et_pb_row make_equal=&#8221;on&#8221; custom_padding_last_edited=&#8221;on|tablet&#8221; module_class=&#8221;dbs-white-bg-black-attack&#8221; _builder_version=&#8221;4.21.0&#8243; _module_preset=&#8221;default&#8221; width_tablet=&#8221;92%&#8221; width_phone=&#8221;&#8221; width_last_edited=&#8221;on|tablet&#8221; module_alignment=&#8221;center&#8221; custom_margin=&#8221;||0px||false|false&#8221; custom_margin_tablet=&#8221;||||false|false&#8221; custom_margin_phone=&#8221;||||false|false&#8221; custom_margin_last_edited=&#8221;off|phone&#8221; custom_padding=&#8221;30px|2%|0px|2%|false|false&#8221; custom_padding_tablet=&#8221;|5%||5%|false|true&#8221; custom_padding_phone=&#8221;&#8221; custom_css_main_element=&#8221;align-items:center;&#8221; global_colors_info=&#8221;{}&#8221;][et_pb_column type=&#8221;4_4&#8243; _builder_version=&#8221;4.16&#8243; _module_preset=&#8221;default&#8221; global_colors_info=&#8221;{}&#8221;][et_pb_text _builder_version=&#8221;4.27.4&#8243; _module_preset=&#8221;default&#8221; hover_enabled=&#8221;0&#8243; global_colors_info=&#8221;{}&#8221; sticky_enabled=&#8221;0&#8243;]<\/p>\n<p class=\"dbs-body-copy\">Goldrush Oasis Pool Party Cabanas &amp; Daybeds start at $1,000, and include:<\/p>\n<ul>\n<li class=\"dbs-body-copy\">Covered seating for up to 15 people (varies based on Cabana Selection)<\/li>\n<li class=\"dbs-body-copy\">Food &amp; Beverage Credit (varies based on Cabana Selection)<\/li>\n<li class=\"dbs-body-copy\">Private Waitress<\/li>\n<li class=\"dbs-body-copy\">Sponsored Swag<\/li>\n<li class=\"dbs-body-copy\">TV &amp; Complimentary Wifi<\/li>\n<li class=\"dbs-body-copy\">Exclusive Food, Drink &amp; Bottle Selections for order<\/li>\n<li class=\"dbs-body-copy\">VIP Entrance<\/li>\n<li class=\"dbs-body-copy\">Water, Soda, and Juice Mixers Included<\/li>\n<\/ul>\n<p class=\"dbs-body-copy\"><em>Cancellations will be charged $100 made within 48 hours. No one under the age of 21 years of age permitted.<\/em><\/p>\n<p class=\"dbs-body-copy\">Fill out the form below and someone will contact you soon to complete your reservation.<\/p>\n<p>[\/et_pb_text][\/et_pb_column][\/et_pb_row][et_pb_row custom_padding_last_edited=&#8221;on|desktop&#8221; module_class=&#8221;dbs-event&#8221; _builder_version=&#8221;4.16&#8243; _module_preset=&#8221;default&#8221; width_tablet=&#8221;92%&#8221; width_phone=&#8221;&#8221; width_last_edited=&#8221;on|desktop&#8221; module_alignment=&#8221;center&#8221; custom_margin=&#8221;||||false|false&#8221; custom_padding=&#8221;|2%|30px|2%|false|false&#8221; custom_padding_tablet=&#8221;|5%|0px|5%|false|true&#8221; custom_padding_phone=&#8221;&#8221; global_colors_info=&#8221;{}&#8221;][et_pb_column type=&#8221;4_4&#8243; _builder_version=&#8221;4.16&#8243; _module_preset=&#8221;default&#8221; custom_padding=&#8221;||0px||false|false&#8221; global_colors_info=&#8221;{}&#8221;][et_pb_text admin_label=&#8221;Form&#8221; _builder_version=&#8221;4.27.4&#8243; _module_preset=&#8221;default&#8221; hover_enabled=&#8221;0&#8243; global_colors_info=&#8221;{}&#8221; sticky_enabled=&#8221;0&#8243;]<\/p>\n\n<p>[\/et_pb_text][\/et_pb_column][\/et_pb_row][\/et_pb_section]<\/p>\n","protected":false},"excerpt":{"rendered":"<p>Goldrush Oasis Pool Party Cabanas Goldrush Oasis Pool Party Cabanas &amp; Daybeds start at $1,000, and include: Covered seating for up to 15 people (varies based on Cabana Selection) Food &amp; Beverage Credit (varies based on Cabana Selection) Private Waitress Sponsored Swag TV &amp; Complimentary Wifi Exclusive Food, Drink &amp; Bottle Selections for order VIP [&hellip;]<\/p>\n","protected":false},"author":3,"featured_media":0,"parent":0,"menu_order":50,"comment_status":"closed","ping_status":"closed","template":"","meta":{"_acf_changed":false,"_et_pb_use_builder":"on","_et_pb_old_content":"","_et_gb_content_width":"","inline_featured_image":false,"footnotes":""},"class_list":["post-38553","page","type-page","status-publish","hentry"],"acf":[],"yoast_head":"<!-- This site is optimized with the Yoast SEO plugin v27.4 - https:\/\/yoast.com\/product\/yoast-seo-wordpress\/ -->\n<title>Goldrush Oasis Pool Party Cabana Inquiries &#8226; Gila River Resorts &amp; Casinos<\/title>\n<meta name=\"description\" content=\"VIP passes include early entry, a private bar, 10 drinks, 1 food item, a VIP lanyard, VIP Section with seating and more!\" \/>\n<meta name=\"robots\" content=\"index, follow, max-snippet:-1, max-image-preview:large, max-video-preview:-1\" \/>\n<link rel=\"canonical\" href=\"https:\/\/playatgila.com\/es\/goldrush-oasis-pool-party-cabana-inquiries\/\" \/>\n<meta property=\"og:locale\" content=\"es_MX\" \/>\n<meta property=\"og:type\" content=\"article\" \/>\n<meta property=\"og:title\" content=\"Goldrush Oasis Pool Party Cabana Inquiries &#8226; Gila River Resorts &amp; Casinos\" \/>\n<meta property=\"og:description\" content=\"VIP passes include early entry, a private bar, 10 drinks, 1 food item, a VIP lanyard, VIP Section with seating and more!\" \/>\n<meta property=\"og:url\" content=\"https:\/\/playatgila.com\/es\/goldrush-oasis-pool-party-cabana-inquiries\/\" \/>\n<meta property=\"og:site_name\" content=\"Gila River Resorts &amp; Casinos\" \/>\n<meta property=\"article:modified_time\" content=\"2025-09-04T18:54:56+00:00\" \/>\n<meta name=\"twitter:card\" content=\"summary_large_image\" \/>\n<meta name=\"twitter:label1\" content=\"Tiempo de lectura\" \/>\n\t<meta name=\"twitter:data1\" content=\"3 minutos\" \/>\n<script type=\"application\/ld+json\" class=\"yoast-schema-graph\">{\"@context\":\"https:\\\/\\\/schema.org\",\"@graph\":[{\"@type\":\"WebPage\",\"@id\":\"https:\\\/\\\/playatgila.com\\\/goldrush-oasis-pool-party-cabana-inquiries\\\/\",\"url\":\"https:\\\/\\\/playatgila.com\\\/goldrush-oasis-pool-party-cabana-inquiries\\\/\",\"name\":\"Goldrush Oasis Pool Party Cabana Inquiries &#8226; Gila River Resorts &amp; Casinos\",\"isPartOf\":{\"@id\":\"https:\\\/\\\/playatgila.com\\\/#website\"},\"datePublished\":\"2025-09-04T18:54:55+00:00\",\"dateModified\":\"2025-09-04T18:54:56+00:00\",\"description\":\"VIP passes include early entry, a private bar, 10 drinks, 1 food item, a VIP lanyard, VIP Section with seating and more!\",\"breadcrumb\":{\"@id\":\"https:\\\/\\\/playatgila.com\\\/goldrush-oasis-pool-party-cabana-inquiries\\\/#breadcrumb\"},\"inLanguage\":\"es\",\"potentialAction\":[{\"@type\":\"ReadAction\",\"target\":[\"https:\\\/\\\/playatgila.com\\\/goldrush-oasis-pool-party-cabana-inquiries\\\/\"]}]},{\"@type\":\"BreadcrumbList\",\"@id\":\"https:\\\/\\\/playatgila.com\\\/goldrush-oasis-pool-party-cabana-inquiries\\\/#breadcrumb\",\"itemListElement\":[{\"@type\":\"ListItem\",\"position\":1,\"name\":\"Home\",\"item\":\"https:\\\/\\\/playatgila.com\\\/\"},{\"@type\":\"ListItem\",\"position\":2,\"name\":\"Goldrush Oasis Pool Party Cabana Inquiries\"}]},{\"@type\":\"WebSite\",\"@id\":\"https:\\\/\\\/playatgila.com\\\/#website\",\"url\":\"https:\\\/\\\/playatgila.com\\\/\",\"name\":\"Gila River Resorts &amp; Casinos\",\"description\":\"You Do You.\",\"publisher\":{\"@id\":\"https:\\\/\\\/playatgila.com\\\/#organization\"},\"potentialAction\":[{\"@type\":\"SearchAction\",\"target\":{\"@type\":\"EntryPoint\",\"urlTemplate\":\"https:\\\/\\\/playatgila.com\\\/?s={search_term_string}\"},\"query-input\":{\"@type\":\"PropertyValueSpecification\",\"valueRequired\":true,\"valueName\":\"search_term_string\"}}],\"inLanguage\":\"es\"},{\"@type\":\"Organization\",\"@id\":\"https:\\\/\\\/playatgila.com\\\/#organization\",\"name\":\"Gila River Resorts & Casinos\",\"url\":\"https:\\\/\\\/playatgila.com\\\/\",\"logo\":{\"@type\":\"ImageObject\",\"inLanguage\":\"es\",\"@id\":\"https:\\\/\\\/playatgila.com\\\/#\\\/schema\\\/logo\\\/image\\\/\",\"url\":\"https:\\\/\\\/playatgila.com\\\/wp-content\\\/uploads\\\/GRRC-Logo-NoProperties-Black.svg\",\"contentUrl\":\"https:\\\/\\\/playatgila.com\\\/wp-content\\\/uploads\\\/GRRC-Logo-NoProperties-Black.svg\",\"width\":100,\"height\":100,\"caption\":\"Gila River Resorts & Casinos\"},\"image\":{\"@id\":\"https:\\\/\\\/playatgila.com\\\/#\\\/schema\\\/logo\\\/image\\\/\"}}]}<\/script>\n<!-- \/ Yoast SEO plugin. -->","yoast_head_json":{"title":"Goldrush Oasis Pool Party Cabana Inquiries &#8226; Gila River Resorts &amp; Casinos","description":"Los pases VIP incluyen entrada anticipada, bar privado, 10 bebidas, 1 consumici\u00f3n, un cord\u00f3n VIP, secci\u00f3n VIP con asientos y mucho m\u00e1s.","robots":{"index":"index","follow":"follow","max-snippet":"max-snippet:-1","max-image-preview":"max-image-preview:large","max-video-preview":"max-video-preview:-1"},"canonical":"https:\/\/playatgila.com\/es\/goldrush-oasis-pool-party-cabana-inquiries\/","og_locale":"es_MX","og_type":"article","og_title":"Goldrush Oasis Pool Party Cabana Inquiries &#8226; Gila River Resorts &amp; Casinos","og_description":"VIP passes include early entry, a private bar, 10 drinks, 1 food item, a VIP lanyard, VIP Section with seating and more!","og_url":"https:\/\/playatgila.com\/es\/goldrush-oasis-pool-party-cabana-inquiries\/","og_site_name":"Gila River Resorts &amp; Casinos","article_modified_time":"2025-09-04T18:54:56+00:00","twitter_card":"summary_large_image","twitter_misc":{"Tiempo de lectura":"3 minutos"},"schema":{"@context":"https:\/\/schema.org","@graph":[{"@type":"WebPage","@id":"https:\/\/playatgila.com\/goldrush-oasis-pool-party-cabana-inquiries\/","url":"https:\/\/playatgila.com\/goldrush-oasis-pool-party-cabana-inquiries\/","name":"Goldrush Oasis Pool Party Cabana Inquiries &#8226; Gila River Resorts &amp; Casinos","isPartOf":{"@id":"https:\/\/playatgila.com\/#website"},"datePublished":"2025-09-04T18:54:55+00:00","dateModified":"2025-09-04T18:54:56+00:00","description":"Los pases VIP incluyen entrada anticipada, bar privado, 10 bebidas, 1 consumici\u00f3n, un cord\u00f3n VIP, secci\u00f3n VIP con asientos y mucho m\u00e1s.","breadcrumb":{"@id":"https:\/\/playatgila.com\/goldrush-oasis-pool-party-cabana-inquiries\/#breadcrumb"},"inLanguage":"es","potentialAction":[{"@type":"ReadAction","target":["https:\/\/playatgila.com\/goldrush-oasis-pool-party-cabana-inquiries\/"]}]},{"@type":"BreadcrumbList","@id":"https:\/\/playatgila.com\/goldrush-oasis-pool-party-cabana-inquiries\/#breadcrumb","itemListElement":[{"@type":"ListItem","position":1,"name":"Home","item":"https:\/\/playatgila.com\/"},{"@type":"ListItem","position":2,"name":"Goldrush Oasis Pool Party Cabana Inquiries"}]},{"@type":"WebSite","@id":"https:\/\/playatgila.com\/#website","url":"https:\/\/playatgila.com\/","name":"Gila River Resorts &amp; Casinos","description":"Hazlo t\u00fa.","publisher":{"@id":"https:\/\/playatgila.com\/#organization"},"potentialAction":[{"@type":"SearchAction","target":{"@type":"EntryPoint","urlTemplate":"https:\/\/playatgila.com\/?s={search_term_string}"},"query-input":{"@type":"PropertyValueSpecification","valueRequired":true,"valueName":"search_term_string"}}],"inLanguage":"es"},{"@type":"Organization","@id":"https:\/\/playatgila.com\/#organization","name":"Gila River Resorts &amp; Casinos","url":"https:\/\/playatgila.com\/","logo":{"@type":"ImageObject","inLanguage":"es","@id":"https:\/\/playatgila.com\/#\/schema\/logo\/image\/","url":"https:\/\/playatgila.com\/wp-content\/uploads\/GRRC-Logo-NoProperties-Black.svg","contentUrl":"https:\/\/playatgila.com\/wp-content\/uploads\/GRRC-Logo-NoProperties-Black.svg","width":100,"height":100,"caption":"Gila River Resorts & Casinos"},"image":{"@id":"https:\/\/playatgila.com\/#\/schema\/logo\/image\/"}}]}},"publishpress_future_workflow_manual_trigger":{"enabledWorkflows":[]},"_links":{"self":[{"href":"https:\/\/playatgila.com\/es\/wp-json\/wp\/v2\/pages\/38553","targetHints":{"allow":["GET"]}}],"collection":[{"href":"https:\/\/playatgila.com\/es\/wp-json\/wp\/v2\/pages"}],"about":[{"href":"https:\/\/playatgila.com\/es\/wp-json\/wp\/v2\/types\/page"}],"author":[{"embeddable":true,"href":"https:\/\/playatgila.com\/es\/wp-json\/wp\/v2\/users\/3"}],"replies":[{"embeddable":true,"href":"https:\/\/playatgila.com\/es\/wp-json\/wp\/v2\/comments?post=38553"}],"version-history":[{"count":3,"href":"https:\/\/playatgila.com\/es\/wp-json\/wp\/v2\/pages\/38553\/revisions"}],"predecessor-version":[{"id":38556,"href":"https:\/\/playatgila.com\/es\/wp-json\/wp\/v2\/pages\/38553\/revisions\/38556"}],"wp:attachment":[{"href":"https:\/\/playatgila.com\/es\/wp-json\/wp\/v2\/media?parent=38553"}],"curies":[{"name":"wp","href":"https:\/\/api.w.org\/{rel}","templated":true}]}}