{"id":9790,"date":"2021-09-22T15:27:25","date_gmt":"2021-09-22T15:27:25","guid":{"rendered":"https:\/\/grgdev.dbwebdev.com\/?page_id=9790"},"modified":"2025-10-16T15:07:43","modified_gmt":"2025-10-16T22:07:43","slug":"boletin","status":"publish","type":"page","link":"https:\/\/playatgila.com\/es\/newsletter\/","title":{"rendered":"Bolet\u00edn"},"content":{"rendered":"<p>[et_pb_section fb_built=&#8221;1&#8243; fullwidth=&#8221;on&#8221; _builder_version=&#8221;4.16&#8243; _module_preset=&#8221;default&#8221; global_colors_info=&#8221;{}&#8221;][et_pb_fullwidth_image src=&#8221;https:\/\/playatgila.com\/wp-content\/uploads\/2021\/09\/casino-games-top.jpg&#8221; alt=&#8221;casino games top&#8221; src_last_edited=&#8221;off|desktop&#8221; disabled_on=&#8221;on|on|off&#8221; _builder_version=&#8221;4.16&#8243; _module_preset=&#8221;default&#8221; global_colors_info=&#8221;{}&#8221;][\/et_pb_fullwidth_image][et_pb_fullwidth_image src=&#8221;https:\/\/playatgila.com\/wp-content\/uploads\/2021\/09\/casino-games-mobile.jpg&#8221; alt=&#8221;casino games mobile&#8221; title_text=&#8221;top-2@4x&#8221; src_last_edited=&#8221;off|desktop&#8221; disabled_on=&#8221;off|off|on&#8221; _builder_version=&#8221;4.16&#8243; _module_preset=&#8221;default&#8221; global_colors_info=&#8221;{}&#8221;][\/et_pb_fullwidth_image][\/et_pb_section][et_pb_section fb_built=&#8221;1&#8243; admin_label=&#8221;Mod 10 Second&#8221; module_class=&#8221;dbs-mod-10&#8243; _builder_version=&#8221;4.21.0&#8243; _module_preset=&#8221;default&#8221; global_colors_info=&#8221;{}&#8221;][et_pb_row make_equal=&#8221;on&#8221; custom_padding_last_edited=&#8221;on|tablet&#8221; module_class=&#8221;dbs-event&#8221; _builder_version=&#8221;4.21.0&#8243; _module_preset=&#8221;default&#8221; background_color=&#8221;#FFFFFF&#8221; width_tablet=&#8221;92%&#8221; width_phone=&#8221;&#8221; width_last_edited=&#8221;on|tablet&#8221; module_alignment=&#8221;center&#8221; custom_margin=&#8221;-7%||0px||false|false&#8221; custom_margin_tablet=&#8221;-11%||||false|false&#8221; custom_margin_phone=&#8221;-16%||||false|false&#8221; custom_margin_last_edited=&#8221;on|phone&#8221; custom_padding=&#8221;30px|2%|0px|2%|false|false&#8221; custom_padding_tablet=&#8221;|5%||5%|false|true&#8221; custom_padding_phone=&#8221;&#8221; custom_css_main_element=&#8221;align-items:center;&#8221; global_colors_info=&#8221;{}&#8221;][et_pb_column type=&#8221;4_4&#8243; _builder_version=&#8221;4.16&#8243; _module_preset=&#8221;default&#8221; global_colors_info=&#8221;{}&#8221;][et_pb_text _builder_version=&#8221;4.27.4&#8243; _module_preset=&#8221;default&#8221; header_text_align=&#8221;center&#8221; custom_margin=&#8221;0px||0px||false|false&#8221; custom_padding=&#8221;0px||0px||false|false&#8221; global_colors_info=&#8221;{}&#8221;]<\/p>\n<h1 class=\"dbs-mod-10-heading\">Subscribe to Our Newsletter<\/h1>\n<p>[\/et_pb_text][\/et_pb_column][\/et_pb_row][et_pb_row custom_padding_last_edited=&#8221;on|tablet&#8221; module_class=&#8221;dbs-event&#8221; _builder_version=&#8221;4.21.0&#8243; _module_preset=&#8221;default&#8221; background_color=&#8221;#FFFFFF&#8221; width_tablet=&#8221;92%&#8221; width_phone=&#8221;&#8221; width_last_edited=&#8221;on|desktop&#8221; module_alignment=&#8221;center&#8221; custom_margin=&#8221;0px||0px||false|false&#8221; custom_padding=&#8221;0px|2%|5px|2%|false|false&#8221; custom_padding_tablet=&#8221;0px|5%|5px|5%|false|true&#8221; custom_padding_phone=&#8221;&#8221; global_colors_info=&#8221;{}&#8221;][et_pb_column type=&#8221;4_4&#8243; _builder_version=&#8221;4.16&#8243; _module_preset=&#8221;default&#8221; global_colors_info=&#8221;{}&#8221;][et_pb_text admin_label=&#8221;Double HR&#8221; _builder_version=&#8221;4.16&#8243; _module_preset=&#8221;default&#8221; custom_margin=&#8221;0px||||false|false&#8221; custom_padding=&#8221;0px||||false|false&#8221; global_colors_info=&#8221;{}&#8221;]<\/p>\n<hr class=\"dbs-double-hr-1\">\n<hr class=\"dbs-double-hr-2\">[\/et_pb_text][\/et_pb_column][\/et_pb_row][et_pb_row custom_padding_last_edited=&#8221;on|tablet&#8221; module_class=&#8221;dbs-event&#8221; _builder_version=&#8221;4.21.0&#8243; _module_preset=&#8221;default&#8221; width_tablet=&#8221;92%&#8221; width_phone=&#8221;&#8221; width_last_edited=&#8221;on|desktop&#8221; module_alignment=&#8221;center&#8221; custom_padding=&#8221;|2%||2%|false|false&#8221; custom_padding_tablet=&#8221;|5%||5%|false|true&#8221; custom_padding_phone=&#8221;&#8221; global_colors_info=&#8221;{}&#8221;][et_pb_column type=&#8221;4_4&#8243; _builder_version=&#8221;4.16&#8243; _module_preset=&#8221;default&#8221; global_colors_info=&#8221;{}&#8221;][et_pb_text _builder_version=&#8221;4.27.4&#8243; _module_preset=&#8221;default&#8221; hover_enabled=&#8221;0&#8243; global_colors_info=&#8221;{}&#8221; sticky_enabled=&#8221;0&#8243;]<\/p>\n<p><iframe loading=\"lazy\" src=\"https:\/\/cloud.playatgilariver.com\/subscribe\" title=\"Newsletter\" width=\"100%\" height=\"1100\"><\/iframe><\/p>\n<p>[\/et_pb_text][\/et_pb_column][\/et_pb_row][\/et_pb_section]<\/p>\n","protected":false},"excerpt":{"rendered":"<p>Subscribe to Our Newsletter<\/p>","protected":false},"author":1,"featured_media":0,"parent":0,"menu_order":20,"comment_status":"closed","ping_status":"closed","template":"","meta":{"_acf_changed":false,"_et_pb_use_builder":"on","_et_pb_old_content":"","_et_gb_content_width":"","inline_featured_image":false,"footnotes":""},"class_list":["post-9790","page","type-page","status-publish","hentry"],"acf":[],"yoast_head":"<!-- This site is optimized with the Yoast SEO plugin v27.3 - https:\/\/yoast.com\/product\/yoast-seo-wordpress\/ -->\n<title>Newsletter &#8226; Gila River Resorts &amp; Casinos<\/title>\n<meta name=\"description\" content=\"Sign up for the Gila River Resorts and Casinos Newsletter!\" \/>\n<meta name=\"robots\" content=\"index, follow, max-snippet:-1, max-image-preview:large, max-video-preview:-1\" \/>\n<link rel=\"canonical\" href=\"https:\/\/playatgila.com\/es\/boletin\/\" \/>\n<meta property=\"og:locale\" content=\"es_MX\" \/>\n<meta property=\"og:type\" content=\"article\" \/>\n<meta property=\"og:title\" content=\"Newsletter &#8226; Gila River Resorts &amp; Casinos\" \/>\n<meta property=\"og:description\" content=\"Sign up for the Gila River Resorts and Casinos Newsletter!\" \/>\n<meta property=\"og:url\" content=\"https:\/\/playatgila.com\/es\/boletin\/\" \/>\n<meta property=\"og:site_name\" content=\"Gila River Resorts &amp; Casinos\" \/>\n<meta property=\"article:modified_time\" content=\"2025-10-16T22:07:43+00:00\" \/>\n<meta name=\"twitter:card\" content=\"summary_large_image\" \/>\n<meta name=\"twitter:label1\" content=\"Tiempo de lectura\" \/>\n\t<meta name=\"twitter:data1\" content=\"1 minuto\" \/>\n<script type=\"application\/ld+json\" class=\"yoast-schema-graph\">{\"@context\":\"https:\\\/\\\/schema.org\",\"@graph\":[{\"@type\":\"WebPage\",\"@id\":\"https:\\\/\\\/playatgila.com\\\/newsletter\\\/\",\"url\":\"https:\\\/\\\/playatgila.com\\\/newsletter\\\/\",\"name\":\"Newsletter &#8226; Gila River Resorts &amp; Casinos\",\"isPartOf\":{\"@id\":\"https:\\\/\\\/playatgila.com\\\/#website\"},\"datePublished\":\"2021-09-22T15:27:25+00:00\",\"dateModified\":\"2025-10-16T22:07:43+00:00\",\"description\":\"Sign up for the Gila River Resorts and Casinos Newsletter!\",\"breadcrumb\":{\"@id\":\"https:\\\/\\\/playatgila.com\\\/newsletter\\\/#breadcrumb\"},\"inLanguage\":\"es\",\"potentialAction\":[{\"@type\":\"ReadAction\",\"target\":[\"https:\\\/\\\/playatgila.com\\\/newsletter\\\/\"]}]},{\"@type\":\"BreadcrumbList\",\"@id\":\"https:\\\/\\\/playatgila.com\\\/newsletter\\\/#breadcrumb\",\"itemListElement\":[{\"@type\":\"ListItem\",\"position\":1,\"name\":\"Home\",\"item\":\"https:\\\/\\\/playatgila.com\\\/\"},{\"@type\":\"ListItem\",\"position\":2,\"name\":\"Newsletter\"}]},{\"@type\":\"WebSite\",\"@id\":\"https:\\\/\\\/playatgila.com\\\/#website\",\"url\":\"https:\\\/\\\/playatgila.com\\\/\",\"name\":\"Gila River Resorts &amp; Casinos\",\"description\":\"You Do You.\",\"publisher\":{\"@id\":\"https:\\\/\\\/playatgila.com\\\/#organization\"},\"potentialAction\":[{\"@type\":\"SearchAction\",\"target\":{\"@type\":\"EntryPoint\",\"urlTemplate\":\"https:\\\/\\\/playatgila.com\\\/?s={search_term_string}\"},\"query-input\":{\"@type\":\"PropertyValueSpecification\",\"valueRequired\":true,\"valueName\":\"search_term_string\"}}],\"inLanguage\":\"es\"},{\"@type\":\"Organization\",\"@id\":\"https:\\\/\\\/playatgila.com\\\/#organization\",\"name\":\"Gila River Resorts & Casinos\",\"url\":\"https:\\\/\\\/playatgila.com\\\/\",\"logo\":{\"@type\":\"ImageObject\",\"inLanguage\":\"es\",\"@id\":\"https:\\\/\\\/playatgila.com\\\/#\\\/schema\\\/logo\\\/image\\\/\",\"url\":\"https:\\\/\\\/playatgila.com\\\/wp-content\\\/uploads\\\/GRRC-Logo-NoProperties-Black.svg\",\"contentUrl\":\"https:\\\/\\\/playatgila.com\\\/wp-content\\\/uploads\\\/GRRC-Logo-NoProperties-Black.svg\",\"width\":100,\"height\":100,\"caption\":\"Gila River Resorts & Casinos\"},\"image\":{\"@id\":\"https:\\\/\\\/playatgila.com\\\/#\\\/schema\\\/logo\\\/image\\\/\"}}]}<\/script>\n<!-- \/ Yoast SEO plugin. -->","yoast_head_json":{"title":"Bolet\u00edn de noticias - Gila River Resorts &amp; Casinos","description":"Suscr\u00edbase al bolet\u00edn de Gila River Resorts and Casinos.","robots":{"index":"index","follow":"follow","max-snippet":"max-snippet:-1","max-image-preview":"max-image-preview:large","max-video-preview":"max-video-preview:-1"},"canonical":"https:\/\/playatgila.com\/es\/boletin\/","og_locale":"es_MX","og_type":"article","og_title":"Newsletter &#8226; Gila River Resorts &amp; Casinos","og_description":"Sign up for the Gila River Resorts and Casinos Newsletter!","og_url":"https:\/\/playatgila.com\/es\/boletin\/","og_site_name":"Gila River Resorts &amp; Casinos","article_modified_time":"2025-10-16T22:07:43+00:00","twitter_card":"summary_large_image","twitter_misc":{"Tiempo de lectura":"1 minuto"},"schema":{"@context":"https:\/\/schema.org","@graph":[{"@type":"WebPage","@id":"https:\/\/playatgila.com\/newsletter\/","url":"https:\/\/playatgila.com\/newsletter\/","name":"Bolet\u00edn de noticias - Gila River Resorts &amp; Casinos","isPartOf":{"@id":"https:\/\/playatgila.com\/#website"},"datePublished":"2021-09-22T15:27:25+00:00","dateModified":"2025-10-16T22:07:43+00:00","description":"Suscr\u00edbase al bolet\u00edn de Gila River Resorts and Casinos.","breadcrumb":{"@id":"https:\/\/playatgila.com\/newsletter\/#breadcrumb"},"inLanguage":"es","potentialAction":[{"@type":"ReadAction","target":["https:\/\/playatgila.com\/newsletter\/"]}]},{"@type":"BreadcrumbList","@id":"https:\/\/playatgila.com\/newsletter\/#breadcrumb","itemListElement":[{"@type":"ListItem","position":1,"name":"Home","item":"https:\/\/playatgila.com\/"},{"@type":"ListItem","position":2,"name":"Newsletter"}]},{"@type":"WebSite","@id":"https:\/\/playatgila.com\/#website","url":"https:\/\/playatgila.com\/","name":"Gila River Resorts &amp; Casinos","description":"Hazlo t\u00fa.","publisher":{"@id":"https:\/\/playatgila.com\/#organization"},"potentialAction":[{"@type":"SearchAction","target":{"@type":"EntryPoint","urlTemplate":"https:\/\/playatgila.com\/?s={search_term_string}"},"query-input":{"@type":"PropertyValueSpecification","valueRequired":true,"valueName":"search_term_string"}}],"inLanguage":"es"},{"@type":"Organization","@id":"https:\/\/playatgila.com\/#organization","name":"Gila River Resorts &amp; Casinos","url":"https:\/\/playatgila.com\/","logo":{"@type":"ImageObject","inLanguage":"es","@id":"https:\/\/playatgila.com\/#\/schema\/logo\/image\/","url":"https:\/\/playatgila.com\/wp-content\/uploads\/GRRC-Logo-NoProperties-Black.svg","contentUrl":"https:\/\/playatgila.com\/wp-content\/uploads\/GRRC-Logo-NoProperties-Black.svg","width":100,"height":100,"caption":"Gila River Resorts & Casinos"},"image":{"@id":"https:\/\/playatgila.com\/#\/schema\/logo\/image\/"}}]}},"publishpress_future_workflow_manual_trigger":{"enabledWorkflows":[]},"_links":{"self":[{"href":"https:\/\/playatgila.com\/es\/wp-json\/wp\/v2\/pages\/9790","targetHints":{"allow":["GET"]}}],"collection":[{"href":"https:\/\/playatgila.com\/es\/wp-json\/wp\/v2\/pages"}],"about":[{"href":"https:\/\/playatgila.com\/es\/wp-json\/wp\/v2\/types\/page"}],"author":[{"embeddable":true,"href":"https:\/\/playatgila.com\/es\/wp-json\/wp\/v2\/users\/1"}],"replies":[{"embeddable":true,"href":"https:\/\/playatgila.com\/es\/wp-json\/wp\/v2\/comments?post=9790"}],"version-history":[{"count":2,"href":"https:\/\/playatgila.com\/es\/wp-json\/wp\/v2\/pages\/9790\/revisions"}],"predecessor-version":[{"id":39498,"href":"https:\/\/playatgila.com\/es\/wp-json\/wp\/v2\/pages\/9790\/revisions\/39498"}],"wp:attachment":[{"href":"https:\/\/playatgila.com\/es\/wp-json\/wp\/v2\/media?parent=9790"}],"curies":[{"name":"wp","href":"https:\/\/api.w.org\/{rel}","templated":true}]}}